{"id":1710,"date":"2025-08-11T22:21:53","date_gmt":"2025-08-11T22:21:53","guid":{"rendered":"https:\/\/tassahetkessa.net\/?page_id=1710"},"modified":"2026-02-02T19:13:55","modified_gmt":"2026-02-02T19:13:55","slug":"vintin-yrittajia","status":"publish","type":"page","link":"https:\/\/tassahetkessa.net\/?page_id=1710","title":{"rendered":"Vintin yritt\u00e4ji\u00e4"},"content":{"rendered":"\n<div class=\"wp-block-uagb-container uagb-block-d813a79f alignfull uagb-is-root-container\"><div class=\"uagb-container__shape uagb-container__shape-bottom uagb-container__invert\" data-negative=\"false\"><svg xmlns=\"https:\/\/www.w3.org\/2000\/svg\" viewBox=\"0 0 1000 100\" preserveAspectRatio=\"none\"><path class=\"uagb-container__shape-fill\" opacity=\"0.33\" d=\"M473,67.3c-203.9,88.3-263.1-34-320.3,0C66,119.1,0,59.7,0,59.7V0h1000v59.7 c0,0-62.1,26.1-94.9,29.3c-32.8,3.3-62.8-12.3-75.8-22.1C806,49.6,745.3,8.7,694.9,4.7S492.4,59,473,67.3z\"><\/path><path class=\"uagb-container__shape-fill\" opacity=\"0.66\" d=\"M734,67.3c-45.5,0-77.2-23.2-129.1-39.1c-28.6-8.7-150.3-10.1-254,39.1 s-91.7-34.4-149.2,0C115.7,118.3,0,39.8,0,39.8V0h1000v36.5c0,0-28.2-18.5-92.1-18.5C810.2,18.1,775.7,67.3,734,67.3z\"><\/path><path class=\"uagb-container__shape-fill\" d=\"M766.1,28.9c-200-57.5-266,65.5-395.1,19.5C242,1.8,242,5.4,184.8,20.6C128,35.8,132.3,44.9,89.9,52.5C28.6,63.7,0,0,0,0 h1000c0,0-9.9,40.9-83.6,48.1S829.6,47,766.1,28.9z\"><\/path><\/svg><\/div><div class=\"uagb-container-inner-blocks-wrap\">\n<div class=\"wp-block-uagb-info-box uagb-block-84311fa0 uagb-infobox__content-wrap  uagb-infobox-icon-above-title uagb-infobox-image-valign-top\"><div class=\"uagb-ifb-content\"><div class=\"uagb-ifb-title-wrap\"><h6 class=\"uagb-ifb-title-prefix\">T\u00e4ss\u00e4 hetkess\u00e4 ry<\/h6><h1 class=\"uagb-ifb-title\">Vintin yritt\u00e4ji\u00e4 ja toimijoita<\/h1><\/div><p class=\"uagb-ifb-desc\">Valon Vintill\u00e4 toimii joukko j\u00e4senyritt\u00e4ji\u00e4 hyvinvoinnin, henkisyyden ja kulttuurin aloilta<\/p><\/div><\/div>\n<\/div><\/div>\n\n\n\n<div class=\"wp-block-uagb-container uagb-block-48a67a4a alignfull uagb-is-root-container\"><div class=\"uagb-container-inner-blocks-wrap\">\n<div class=\"wp-block-uagb-image aligncenter uagb-block-74aba81f wp-block-uagb-image--layout-default wp-block-uagb-image--effect-static wp-block-uagb-image--align-center\"><figure class=\"wp-block-uagb-image__figure\"><img decoding=\"async\" srcset=\"https:\/\/tassahetkessa.net\/wp-content\/uploads\/2025\/09\/Anne.jpg ,https:\/\/tassahetkessa.net\/wp-content\/uploads\/2025\/09\/Anne.jpg 780w, https:\/\/tassahetkessa.net\/wp-content\/uploads\/2025\/09\/Anne.jpg 360w\" sizes=\"auto, (max-width: 480px) 150px\" src=\"https:\/\/tassahetkessa.net\/wp-content\/uploads\/2025\/09\/Anne.jpg\" alt=\"\" class=\"uag-image-1978\" width=\"420\" height=\"420\" title=\"Anne\" loading=\"lazy\" role=\"img\"\/><\/figure><\/div>\n\n\n\n<div class=\"wp-block-uagb-container uagb-block-85f2e744\">\n<div class=\"wp-block-uagb-info-box uagb-block-9c778f68 uagb-infobox__content-wrap  uagb-infobox-icon-above-title uagb-infobox-image-valign-top\"><div class=\"uagb-ifb-content\"><div class=\"uagb-ifb-title-wrap\"><h2 class=\"uagb-ifb-title-prefix\">Anne Rautanen<\/h2><h5 class=\"uagb-ifb-title\">Hermoratahieroja<\/h5><\/div><div class=\"uagb-ifb-separator\"><\/div><\/div><\/div>\n\n\n\n<p>L\u00e4mpim\u00e4sti tervetuloa rentouttavaan ja kokonaisvaltaiseen hermoratahierontaan.&nbsp;<br><br>Teen ty\u00f6t\u00e4ni lempeydell\u00e4 ja suurella syd\u00e4mell\u00e4. \u2764\ufe0f<\/p>\n\n\n\n<p>Ajan varaamiseksi laita viesti\u00e4 tai soita 050 5946815&nbsp;<br><\/p>\n<\/div>\n<\/div><\/div>\n\n\n\n<div class=\"wp-block-uagb-container uagb-block-a0a206b6 alignfull uagb-is-root-container\"><div class=\"uagb-container-inner-blocks-wrap\">\n<div class=\"wp-block-uagb-image uagb-block-1e96be62 wp-block-uagb-image--layout-default wp-block-uagb-image--effect-static wp-block-uagb-image--align-none\"><figure class=\"wp-block-uagb-image__figure\"><img decoding=\"async\" srcset=\"https:\/\/tassahetkessa.net\/wp-content\/uploads\/2025\/09\/Sirpa.jpg ,https:\/\/tassahetkessa.net\/wp-content\/uploads\/2025\/09\/Sirpa.jpg 780w, https:\/\/tassahetkessa.net\/wp-content\/uploads\/2025\/09\/Sirpa.jpg 360w\" sizes=\"auto, (max-width: 480px) 150px\" src=\"https:\/\/tassahetkessa.net\/wp-content\/uploads\/2025\/09\/Sirpa.jpg\" alt=\"\" class=\"uag-image-1971\" width=\"420\" height=\"420\" title=\"Sirpa\" loading=\"lazy\" role=\"img\"\/><\/figure><\/div>\n\n\n\n<div class=\"wp-block-uagb-container uagb-block-6c8eced5\">\n<div class=\"wp-block-uagb-info-box uagb-block-92bc4991 uagb-infobox__content-wrap  uagb-infobox-icon-above-title uagb-infobox-image-valign-top\"><div class=\"uagb-ifb-content\"><div class=\"uagb-ifb-title-wrap\"><h2 class=\"uagb-ifb-title-prefix\">Sirpa Raitimo<\/h2><h5 class=\"uagb-ifb-title\">SirpaRaitimo Art<\/h5><\/div><div class=\"uagb-ifb-separator\"><\/div><\/div><\/div>\n\n\n\n<p>Meedio ja henkiparantaja sek\u00e4 kuvataiteilija. My\u00f6s henkinen mentorointi sek\u00e4 el\u00e4inten energiahoito.<br>Vintill\u00e4 teen hoitohuoneessani yksityismeedioistuntoja sek\u00e4 henkiparannnushoitoja, s\u00e4\u00e4nn\u00f6llisesti my\u00f6s yleis\u00f6meediotilaisuuksia sek\u00e4 muita ryhm\u00e4tilaisuuksia ja -ohjauksia. Voit tilata minut my\u00f6s omiin juhliisi.<br><br>sirparaitimoart@gmail.com<br>0400 374 189<br><a href=\"https:\/\/www.sirparaitimoart.fi\/\" target=\"_blank\" rel=\"noreferrer noopener\"><strong>https:\/\/www.sirparaitimoart.fi\/<\/strong><\/a><\/p>\n<\/div>\n<\/div><\/div>\n\n\n\n<div class=\"wp-block-uagb-container uagb-block-791c05de alignfull uagb-is-root-container\"><div class=\"uagb-container-inner-blocks-wrap\">\n<div class=\"wp-block-uagb-image aligncenter uagb-block-6e4a121b wp-block-uagb-image--layout-default wp-block-uagb-image--effect-static wp-block-uagb-image--align-center\"><figure class=\"wp-block-uagb-image__figure\"><img decoding=\"async\" srcset=\"https:\/\/tassahetkessa.net\/wp-content\/uploads\/2025\/09\/Riikka.jpg ,https:\/\/tassahetkessa.net\/wp-content\/uploads\/2025\/09\/Riikka.jpg 780w, https:\/\/tassahetkessa.net\/wp-content\/uploads\/2025\/09\/Riikka.jpg 360w\" sizes=\"auto, (max-width: 480px) 150px\" src=\"https:\/\/tassahetkessa.net\/wp-content\/uploads\/2025\/09\/Riikka.jpg\" alt=\"\" class=\"uag-image-1973\" width=\"420\" height=\"420\" title=\"Riikka\" loading=\"lazy\" role=\"img\"\/><\/figure><\/div>\n\n\n\n<div class=\"wp-block-uagb-container uagb-block-a909d4b9\">\n<div class=\"wp-block-uagb-info-box uagb-block-e7fdd687 uagb-infobox__content-wrap  uagb-infobox-icon-above-title uagb-infobox-image-valign-top\"><div class=\"uagb-ifb-content\"><div class=\"uagb-ifb-title-wrap\"><h2 class=\"uagb-ifb-title-prefix\">Riikka Vuorij\u00e4rvi<\/h2><h5 class=\"uagb-ifb-title\">Laulustudio Riikka Vuorij\u00e4rvi<\/h5><\/div><div class=\"uagb-ifb-separator\"><\/div><\/div><\/div>\n\n\n\n<p>Kaipaatko \u00e4\u00e4nenk\u00e4yt\u00f6n rohkeutta, hengityksen vapautta ja ymm\u00e4rryst\u00e4 laulutekniikasta? Laulatko omaksi iloksesi vai valmistaudut kirkkokonserttiin tai karaokeen? Annan ammattitaitoista laulunopetusta ik\u00e4\u00e4n ja tyylilajiin katsomatta yhteisty\u00f6ss\u00e4 pianistien kanssa. Opetan kehotietoisin menetelmin kohdaten jokaisen laulajan l\u00e4mm\u00f6ll\u00e4 ja ihmisen\u00e4.<br><br>riikka.vuorijarvi@gmail.com<br>040 844 8440<br><a href=\"https:\/\/www.riikkavuorijarvi.fi\/\" target=\"_blank\" rel=\"noreferrer noopener\"><strong>https:\/\/www.riikkavuorijarvi.fi\/<\/strong><\/a><\/p>\n<\/div>\n<\/div><\/div>\n\n\n\n<div class=\"wp-block-uagb-container uagb-block-a22b74e2 alignfull uagb-is-root-container\"><div class=\"uagb-container-inner-blocks-wrap\">\n<div class=\"wp-block-uagb-image uagb-block-950854b5 wp-block-uagb-image--layout-default wp-block-uagb-image--effect-static wp-block-uagb-image--align-none\"><figure class=\"wp-block-uagb-image__figure\"><img decoding=\"async\" srcset=\"https:\/\/tassahetkessa.net\/wp-content\/uploads\/2025\/09\/Heli.jpg ,https:\/\/tassahetkessa.net\/wp-content\/uploads\/2025\/09\/Heli.jpg 780w, https:\/\/tassahetkessa.net\/wp-content\/uploads\/2025\/09\/Heli.jpg 360w\" sizes=\"auto, (max-width: 480px) 150px\" src=\"https:\/\/tassahetkessa.net\/wp-content\/uploads\/2025\/09\/Heli.jpg\" alt=\"\" class=\"uag-image-1975\" width=\"420\" height=\"420\" title=\"Heli\" loading=\"lazy\" role=\"img\"\/><\/figure><\/div>\n\n\n\n<div class=\"wp-block-uagb-container uagb-block-a8796629\">\n<div class=\"wp-block-uagb-info-box uagb-block-e8865b94 uagb-infobox__content-wrap  uagb-infobox-icon-above-title uagb-infobox-image-valign-top\"><div class=\"uagb-ifb-content\"><div class=\"uagb-ifb-title-wrap\"><h2 class=\"uagb-ifb-title-prefix\">Heli Hiltunen<\/h2><h5 class=\"uagb-ifb-title\">Lyhytterapia Heli<\/h5><\/div><div class=\"uagb-ifb-separator\"><\/div><\/div><\/div>\n\n\n\n<p>Lyhytterapiassa voit k\u00e4sitell\u00e4 esimerkiksi avioeroa, p\u00e4ihdeongelmia tai parisuhteen, nuorten tai ik\u00e4ihmisten haasteita. Lyhytterapiasta saat v\u00e4lit\u00f6nt\u00e4 apua, kun aikaa tai resursseja ei ole vuosien terapiaan. Lyhytterapiaan et tarvitse l\u00e4hetett\u00e4.<br><br>\u2022 Kognitiivinen lyhytterapeutti, IPC-menetelm\u00e4koulutus \u2022 Ratkaisukeskeinen lyhytterapeutti <br>\u2022 Sairaanhoitaja (YAMK)<br><br>\u201dKeskityt\u00e4\u00e4n tilanteeseen nyt, ja siihen, mihin halutaan p\u00e4\u00e4st\u00e4\u201d<br><br>lyhytterapia.heli@gmail.com<br>040 258 2275<br><a href=\"https:\/\/terapiahelihiltunen.webnode.fi\/\" target=\"_blank\" rel=\"noreferrer noopener\"><strong>https:\/\/www.lyhytterapiaheli.fi<\/strong><\/a><\/p>\n<\/div>\n<\/div><\/div>\n\n\n\n<div class=\"wp-block-uagb-container uagb-block-e5e3ec7d alignfull uagb-is-root-container\"><div class=\"uagb-container__shape uagb-container__shape-bottom uagb-container__invert\" data-negative=\"false\"><svg xmlns=\"https:\/\/www.w3.org\/2000\/svg\" viewBox=\"0 0 283.5 27.8\" preserveAspectRatio=\"none\"><path class=\"uagb-container__shape-fill\" d=\"M283.5,9.7c0,0-7.3,4.3-14,4.6c-6.8,0.3-12.6,0-20.9-1.5c-11.3-2-33.1-10.1-44.7-5.7\ts-12.1,4.6-18,7.4c-6.6,3.2-20,9.6-36.6,9.3C131.6,23.5,99.5,7.2,86.3,8c-1.4,0.1-6.6,0.8-10.5,2c-3.8,1.2-9.4,3.8-17,4.7\tc-3.2,0.4-8.3,1.1-14.2,0.9c-1.5-0.1-6.3-0.4-12-1.6c-5.7-1.2-11-3.1-15.8-3.7C6.5,9.2,0,10.8,0,10.8V0h283.5V9.7z M260.8,11.3\tc-0.7-1-2-0.4-4.3-0.4c-2.3,0-6.1-1.2-5.8-1.1c0.3,0.1,3.1,1.5,6,1.9C259.7,12.2,261.4,12.3,260.8,11.3z M242.4,8.6\tc0,0-2.4-0.2-5.6-0.9c-3.2-0.8-10.3-2.8-15.1-3.5c-8.2-1.1-15.8,0-15.1,0.1c0.8,0.1,9.6-0.6,17.6,1.1c3.3,0.7,9.3,2.2,12.4,2.7\tC239.9,8.7,242.4,8.6,242.4,8.6z M185.2,8.5c1.7-0.7-13.3,4.7-18.5,6.1c-2.1,0.6-6.2,1.6-10,2c-3.9,0.4-8.9,0.4-8.8,0.5\tc0,0.2,5.8,0.8,11.2,0c5.4-0.8,5.2-1.1,7.6-1.6C170.5,14.7,183.5,9.2,185.2,8.5z M199.1,6.9c0.2,0-0.8-0.4-4.8,1.1\tc-4,1.5-6.7,3.5-6.9,3.7c-0.2,0.1,3.5-1.8,6.6-3C197,7.5,199,6.9,199.1,6.9z M283,6c-0.1,0.1-1.9,1.1-4.8,2.5s-6.9,2.8-6.7,2.7\tc0.2,0,3.5-0.6,7.4-2.5C282.8,6.8,283.1,5.9,283,6z M31.3,11.6c0.1-0.2-1.9-0.2-4.5-1.2s-5.4-1.6-7.8-2C15,7.6,7.3,8.5,7.7,8.6\tC8,8.7,15.9,8.3,20.2,9.3c2.2,0.5,2.4,0.5,5.7,1.6S31.2,11.9,31.3,11.6z M73,9.2c0.4-0.1,3.5-1.6,8.4-2.6c4.9-1.1,8.9-0.5,8.9-0.8\tc0-0.3-1-0.9-6.2-0.3S72.6,9.3,73,9.2z M71.6,6.7C71.8,6.8,75,5.4,77.3,5c2.3-0.3,1.9-0.5,1.9-0.6c0-0.1-1.1-0.2-2.7,0.2\tC74.8,5.1,71.4,6.6,71.6,6.7z M93.6,4.4c0.1,0.2,3.5,0.8,5.6,1.8c2.1,1,1.8,0.6,1.9,0.5c0.1-0.1-0.8-0.8-2.4-1.3\tC97.1,4.8,93.5,4.2,93.6,4.4z M65.4,11.1c-0.1,0.3,0.3,0.5,1.9-0.2s2.6-1.3,2.2-1.2s-0.9,0.4-2.5,0.8C65.3,10.9,65.5,10.8,65.4,11.1\tz M34.5,12.4c-0.2,0,2.1,0.8,3.3,0.9c1.2,0.1,2,0.1,2-0.2c0-0.3-0.1-0.5-1.6-0.4C36.6,12.8,34.7,12.4,34.5,12.4z M152.2,21.1\tc-0.1,0.1-2.4-0.3-7.5-0.3c-5,0-13.6-2.4-17.2-3.5c-3.6-1.1,10,3.9,16.5,4.1C150.5,21.6,152.3,21,152.2,21.1z\"><\/path><path class=\"uagb-container__shape-fill\" d=\"M269.6,18c-0.1-0.1-4.6,0.3-7.2,0c-7.3-0.7-17-3.2-16.6-2.9c0.4,0.3,13.7,3.1,17,3.3\tC267.7,18.8,269.7,18,269.6,18z\"><\/path><path class=\"uagb-container__shape-fill\" d=\"M227.4,9.8c-0.2-0.1-4.5-1-9.5-1.2c-5-0.2-12.7,0.6-12.3,0.5c0.3-0.1,5.9-1.8,13.3-1.2\tS227.6,9.9,227.4,9.8z\"><\/path><path class=\"uagb-container__shape-fill\" d=\"M204.5,13.4c-0.1-0.1,2-1,3.2-1.1c1.2-0.1,2,0,2,0.3c0,0.3-0.1,0.5-1.6,0.4\tC206.4,12.9,204.6,13.5,204.5,13.4z\"><\/path><path class=\"uagb-container__shape-fill\" d=\"M201,10.6c0-0.1-4.4,1.2-6.3,2.2c-1.9,0.9-6.2,3.1-6.1,3.1c0.1,0.1,4.2-1.6,6.3-2.6\tS201,10.7,201,10.6z\"><\/path><path class=\"uagb-container__shape-fill\" d=\"M154.5,26.7c-0.1-0.1-4.6,0.3-7.2,0c-7.3-0.7-17-3.2-16.6-2.9c0.4,0.3,13.7,3.1,17,3.3\tC152.6,27.5,154.6,26.8,154.5,26.7z\"><\/path><path class=\"uagb-container__shape-fill\" d=\"M41.9,19.3c0,0,1.2-0.3,2.9-0.1c1.7,0.2,5.8,0.9,8.2,0.7c4.2-0.4,7.4-2.7,7-2.6\tc-0.4,0-4.3,2.2-8.6,1.9c-1.8-0.1-5.1-0.5-6.7-0.4S41.9,19.3,41.9,19.3z\"><\/path><path class=\"uagb-container__shape-fill\" d=\"M75.5,12.6c0.2,0.1,2-0.8,4.3-1.1c2.3-0.2,2.1-0.3,2.1-0.5c0-0.1-1.8-0.4-3.4,0\tC76.9,11.5,75.3,12.5,75.5,12.6z\"><\/path><path class=\"uagb-container__shape-fill\" d=\"M15.6,13.2c0-0.1,4.3,0,6.7,0.5c2.4,0.5,5,1.9,5,2c0,0.1-2.7-0.8-5.1-1.4\tC19.9,13.7,15.7,13.3,15.6,13.2z\"><\/path><\/svg><\/div><div class=\"uagb-container-inner-blocks-wrap\">\n<div class=\"wp-block-uagb-image uagb-block-ef5ba255 wp-block-uagb-image--layout-default wp-block-uagb-image--effect-static wp-block-uagb-image--align-none\"><figure class=\"wp-block-uagb-image__figure\"><img decoding=\"async\" srcset=\"https:\/\/tassahetkessa.net\/wp-content\/uploads\/2025\/09\/Sanna.jpg ,https:\/\/tassahetkessa.net\/wp-content\/uploads\/2025\/09\/Sanna.jpg 780w, https:\/\/tassahetkessa.net\/wp-content\/uploads\/2025\/09\/Sanna.jpg 360w\" sizes=\"auto, (max-width: 480px) 150px\" src=\"https:\/\/tassahetkessa.net\/wp-content\/uploads\/2025\/09\/Sanna.jpg\" alt=\"\" class=\"uag-image-1972\" width=\"420\" height=\"420\" title=\"Sanna\" loading=\"lazy\" role=\"img\"\/><\/figure><\/div>\n\n\n\n<div class=\"wp-block-uagb-container uagb-block-a69f6464\">\n<div class=\"wp-block-uagb-info-box uagb-block-ab2e0c69 uagb-infobox__content-wrap  uagb-infobox-icon-above-title uagb-infobox-image-valign-top\"><div class=\"uagb-ifb-content\"><div class=\"uagb-ifb-title-wrap\"><h2 class=\"uagb-ifb-title-prefix\">Sanna Kolehmainen<\/h2><h5 class=\"uagb-ifb-title\">Sannan Syd\u00e4npuu &#8211; hyvinvointipalvelut<\/h5><\/div><div class=\"uagb-ifb-separator\"><\/div><\/div><\/div>\n\n\n\n<p>\u2022 Koulutettu hieroja ja energiahoitaja<br>\u2022 Kalevalaisen j\u00e4senkorjauksen oppipoika<br><br>sannansydanpuu@gmail.com<br>050 490 2225<br>IG ja FB Sannan Syd\u00e4npuu<\/p>\n<\/div>\n<\/div><\/div>\n\n\n\n<div class=\"wp-block-uagb-container uag-hide-desktop uag-hide-tab uag-hide-mob uagb-block-973d058c alignfull uagb-is-root-container\"><div class=\"uagb-container-inner-blocks-wrap\">\n<div class=\"wp-block-uagb-image aligncenter uagb-block-1a576ee1 wp-block-uagb-image--layout-default wp-block-uagb-image--effect-static wp-block-uagb-image--align-center\"><figure class=\"wp-block-uagb-image__figure\"><img decoding=\"async\" srcset=\"https:\/\/tassahetkessa.net\/wp-content\/uploads\/2025\/08\/Tekemista-Sydamella.jpg ,https:\/\/tassahetkessa.net\/wp-content\/uploads\/2025\/08\/Tekemista-Sydamella.jpg 780w, https:\/\/tassahetkessa.net\/wp-content\/uploads\/2025\/08\/Tekemista-Sydamella.jpg 360w\" sizes=\"auto, (max-width: 480px) 150px\" src=\"https:\/\/tassahetkessa.net\/wp-content\/uploads\/2025\/08\/Tekemista-Sydamella.jpg\" alt=\"Tekemista\u0308 Syda\u0308mella\u0308\" class=\"uag-image-1828\" width=\"420\" height=\"420\" title=\"Tekemista\u0308 Syda\u0308mella\u0308\" loading=\"lazy\" role=\"img\"\/><\/figure><\/div>\n\n\n\n<div class=\"wp-block-uagb-container uagb-block-76d55bb3\">\n<div class=\"wp-block-uagb-info-box uagb-block-b3859e16 uagb-infobox__content-wrap  uagb-infobox-icon-above-title uagb-infobox-image-valign-top\"><div class=\"uagb-ifb-content\"><div class=\"uagb-ifb-title-wrap\"><h2 class=\"uagb-ifb-title-prefix\">Henna-Riikka Tiri<\/h2><h5 class=\"uagb-ifb-title\">Henna-Riikka Tiri<\/h5><\/div><div class=\"uagb-ifb-separator\"><\/div><\/div><\/div>\n\n\n\n<p>Lorem ipsum dolor sit amet, consectetur adipiscing elit, sed do eiusmod tempor incididunt ut labore et dolore magna aliqua. Ut enim ad minim veniam, quis nostrud exercitation ullamco laboris nisi ut aliquip ex ea commodo consequat. Duis aute irure dolor in reprehenderit in voluptate velit esse cillum dolore eu fugiat nulla pariatur. Excepteur sint occaecat cupidatat non proident, sunt in culpa qui officia deserunt mollit anim id est laborum<br><br>minna.karppinen@gmail.com<br>040 000 0000<br><a href=\"https:\/\/www.riikkavuorijarvi.fi\/\"><strong>https:\/\/www.websivuosoite.fi\/<\/strong><\/a><\/p>\n<\/div>\n<\/div><\/div>\n\n\n\n<div class=\"wp-block-uagb-container uag-hide-desktop uag-hide-tab uag-hide-mob uagb-block-dfca5f8b alignfull uagb-is-root-container\"><div class=\"uagb-container__shape uagb-container__shape-bottom uagb-container__invert\" data-negative=\"false\"><svg xmlns=\"https:\/\/www.w3.org\/2000\/svg\" viewBox=\"0 0 283.5 27.8\" preserveAspectRatio=\"none\"><path class=\"uagb-container__shape-fill\" d=\"M283.5,9.7c0,0-7.3,4.3-14,4.6c-6.8,0.3-12.6,0-20.9-1.5c-11.3-2-33.1-10.1-44.7-5.7\ts-12.1,4.6-18,7.4c-6.6,3.2-20,9.6-36.6,9.3C131.6,23.5,99.5,7.2,86.3,8c-1.4,0.1-6.6,0.8-10.5,2c-3.8,1.2-9.4,3.8-17,4.7\tc-3.2,0.4-8.3,1.1-14.2,0.9c-1.5-0.1-6.3-0.4-12-1.6c-5.7-1.2-11-3.1-15.8-3.7C6.5,9.2,0,10.8,0,10.8V0h283.5V9.7z M260.8,11.3\tc-0.7-1-2-0.4-4.3-0.4c-2.3,0-6.1-1.2-5.8-1.1c0.3,0.1,3.1,1.5,6,1.9C259.7,12.2,261.4,12.3,260.8,11.3z M242.4,8.6\tc0,0-2.4-0.2-5.6-0.9c-3.2-0.8-10.3-2.8-15.1-3.5c-8.2-1.1-15.8,0-15.1,0.1c0.8,0.1,9.6-0.6,17.6,1.1c3.3,0.7,9.3,2.2,12.4,2.7\tC239.9,8.7,242.4,8.6,242.4,8.6z M185.2,8.5c1.7-0.7-13.3,4.7-18.5,6.1c-2.1,0.6-6.2,1.6-10,2c-3.9,0.4-8.9,0.4-8.8,0.5\tc0,0.2,5.8,0.8,11.2,0c5.4-0.8,5.2-1.1,7.6-1.6C170.5,14.7,183.5,9.2,185.2,8.5z M199.1,6.9c0.2,0-0.8-0.4-4.8,1.1\tc-4,1.5-6.7,3.5-6.9,3.7c-0.2,0.1,3.5-1.8,6.6-3C197,7.5,199,6.9,199.1,6.9z M283,6c-0.1,0.1-1.9,1.1-4.8,2.5s-6.9,2.8-6.7,2.7\tc0.2,0,3.5-0.6,7.4-2.5C282.8,6.8,283.1,5.9,283,6z M31.3,11.6c0.1-0.2-1.9-0.2-4.5-1.2s-5.4-1.6-7.8-2C15,7.6,7.3,8.5,7.7,8.6\tC8,8.7,15.9,8.3,20.2,9.3c2.2,0.5,2.4,0.5,5.7,1.6S31.2,11.9,31.3,11.6z M73,9.2c0.4-0.1,3.5-1.6,8.4-2.6c4.9-1.1,8.9-0.5,8.9-0.8\tc0-0.3-1-0.9-6.2-0.3S72.6,9.3,73,9.2z M71.6,6.7C71.8,6.8,75,5.4,77.3,5c2.3-0.3,1.9-0.5,1.9-0.6c0-0.1-1.1-0.2-2.7,0.2\tC74.8,5.1,71.4,6.6,71.6,6.7z M93.6,4.4c0.1,0.2,3.5,0.8,5.6,1.8c2.1,1,1.8,0.6,1.9,0.5c0.1-0.1-0.8-0.8-2.4-1.3\tC97.1,4.8,93.5,4.2,93.6,4.4z M65.4,11.1c-0.1,0.3,0.3,0.5,1.9-0.2s2.6-1.3,2.2-1.2s-0.9,0.4-2.5,0.8C65.3,10.9,65.5,10.8,65.4,11.1\tz M34.5,12.4c-0.2,0,2.1,0.8,3.3,0.9c1.2,0.1,2,0.1,2-0.2c0-0.3-0.1-0.5-1.6-0.4C36.6,12.8,34.7,12.4,34.5,12.4z M152.2,21.1\tc-0.1,0.1-2.4-0.3-7.5-0.3c-5,0-13.6-2.4-17.2-3.5c-3.6-1.1,10,3.9,16.5,4.1C150.5,21.6,152.3,21,152.2,21.1z\"><\/path><path class=\"uagb-container__shape-fill\" d=\"M269.6,18c-0.1-0.1-4.6,0.3-7.2,0c-7.3-0.7-17-3.2-16.6-2.9c0.4,0.3,13.7,3.1,17,3.3\tC267.7,18.8,269.7,18,269.6,18z\"><\/path><path class=\"uagb-container__shape-fill\" d=\"M227.4,9.8c-0.2-0.1-4.5-1-9.5-1.2c-5-0.2-12.7,0.6-12.3,0.5c0.3-0.1,5.9-1.8,13.3-1.2\tS227.6,9.9,227.4,9.8z\"><\/path><path class=\"uagb-container__shape-fill\" d=\"M204.5,13.4c-0.1-0.1,2-1,3.2-1.1c1.2-0.1,2,0,2,0.3c0,0.3-0.1,0.5-1.6,0.4\tC206.4,12.9,204.6,13.5,204.5,13.4z\"><\/path><path class=\"uagb-container__shape-fill\" d=\"M201,10.6c0-0.1-4.4,1.2-6.3,2.2c-1.9,0.9-6.2,3.1-6.1,3.1c0.1,0.1,4.2-1.6,6.3-2.6\tS201,10.7,201,10.6z\"><\/path><path class=\"uagb-container__shape-fill\" d=\"M154.5,26.7c-0.1-0.1-4.6,0.3-7.2,0c-7.3-0.7-17-3.2-16.6-2.9c0.4,0.3,13.7,3.1,17,3.3\tC152.6,27.5,154.6,26.8,154.5,26.7z\"><\/path><path class=\"uagb-container__shape-fill\" d=\"M41.9,19.3c0,0,1.2-0.3,2.9-0.1c1.7,0.2,5.8,0.9,8.2,0.7c4.2-0.4,7.4-2.7,7-2.6\tc-0.4,0-4.3,2.2-8.6,1.9c-1.8-0.1-5.1-0.5-6.7-0.4S41.9,19.3,41.9,19.3z\"><\/path><path class=\"uagb-container__shape-fill\" d=\"M75.5,12.6c0.2,0.1,2-0.8,4.3-1.1c2.3-0.2,2.1-0.3,2.1-0.5c0-0.1-1.8-0.4-3.4,0\tC76.9,11.5,75.3,12.5,75.5,12.6z\"><\/path><path class=\"uagb-container__shape-fill\" d=\"M15.6,13.2c0-0.1,4.3,0,6.7,0.5c2.4,0.5,5,1.9,5,2c0,0.1-2.7-0.8-5.1-1.4\tC19.9,13.7,15.7,13.3,15.6,13.2z\"><\/path><\/svg><\/div><div class=\"uagb-container-inner-blocks-wrap\">\n<div class=\"wp-block-uagb-image aligncenter uagb-block-9f1b68f1 wp-block-uagb-image--layout-default wp-block-uagb-image--effect-static wp-block-uagb-image--align-center\"><figure class=\"wp-block-uagb-image__figure\"><img decoding=\"async\" srcset=\"https:\/\/tassahetkessa.net\/wp-content\/uploads\/2025\/08\/Tekemista-Sydamella.jpg ,https:\/\/tassahetkessa.net\/wp-content\/uploads\/2025\/08\/Tekemista-Sydamella.jpg 780w, https:\/\/tassahetkessa.net\/wp-content\/uploads\/2025\/08\/Tekemista-Sydamella.jpg 360w\" sizes=\"auto, (max-width: 480px) 150px\" src=\"https:\/\/tassahetkessa.net\/wp-content\/uploads\/2025\/08\/Tekemista-Sydamella.jpg\" alt=\"Tekemista\u0308 Syda\u0308mella\u0308\" class=\"uag-image-1828\" width=\"420\" height=\"420\" title=\"Tekemista\u0308 Syda\u0308mella\u0308\" loading=\"lazy\" role=\"img\"\/><\/figure><\/div>\n\n\n\n<div class=\"wp-block-uagb-container uagb-block-afef4ae5\">\n<div class=\"wp-block-uagb-info-box uagb-block-b4a2e805 uagb-infobox__content-wrap  uagb-infobox-icon-above-title uagb-infobox-image-valign-top\"><div class=\"uagb-ifb-content\"><div class=\"uagb-ifb-title-wrap\"><h2 class=\"uagb-ifb-title-prefix\">Minna Karppinen<\/h2><h5 class=\"uagb-ifb-title\">Minna Karppinen<\/h5><\/div><div class=\"uagb-ifb-separator\"><\/div><\/div><\/div>\n\n\n\n<p>Lorem ipsum dolor sit amet, consectetur adipiscing elit, sed do eiusmod tempor incididunt ut labore et dolore magna aliqua. Ut enim ad minim veniam, quis nostrud exercitation ullamco laboris nisi ut aliquip ex ea commodo consequat. Duis aute irure dolor in reprehenderit in voluptate velit esse cillum dolore eu fugiat nulla pariatur. Excepteur sint occaecat cupidatat non proident, sunt in culpa qui officia deserunt mollit anim id est laborum<br><br>minna.karppinen@gmail.com<br>040 000 0000<br><a href=\"https:\/\/www.riikkavuorijarvi.fi\/\"><strong>https:\/\/www.websivuosoite.fi\/<\/strong><\/a><\/p>\n<\/div>\n<\/div><\/div>\n","protected":false},"excerpt":{"rendered":"<p>L\u00e4mpim\u00e4sti tervetuloa rentouttavaan ja kokonaisvaltaiseen hermoratahierontaan.&nbsp; Teen ty\u00f6t\u00e4ni lempeydell\u00e4 ja suurella syd\u00e4mell\u00e4. \u2764\ufe0f Ajan varaamiseksi laita viesti\u00e4 tai soita 050 [&hellip;]<\/p>\n","protected":false},"author":1,"featured_media":0,"parent":923,"menu_order":0,"comment_status":"closed","ping_status":"closed","template":"","meta":{"_uag_custom_page_level_css":"","site-sidebar-layout":"default","site-content-layout":"","ast-site-content-layout":"","site-content-style":"default","site-sidebar-style":"default","ast-global-header-display":"","ast-banner-title-visibility":"","ast-main-header-display":"","ast-hfb-above-header-display":"","ast-hfb-below-header-display":"","ast-hfb-mobile-header-display":"","site-post-title":"","ast-breadcrumbs-content":"","ast-featured-img":"","footer-sml-layout":"","theme-transparent-header-meta":"","adv-header-id-meta":"","stick-header-meta":"","header-above-stick-meta":"","header-main-stick-meta":"","header-below-stick-meta":"","astra-migrate-meta-layouts":"default","ast-page-background-enabled":"default","ast-page-background-meta":{"desktop":{"background-color":"var(--ast-global-color-4)","background-image":"","background-repeat":"repeat","background-position":"center center","background-size":"auto","background-attachment":"scroll","background-type":"","background-media":"","overlay-type":"","overlay-color":"","overlay-opacity":"","overlay-gradient":""},"tablet":{"background-color":"","background-image":"","background-repeat":"repeat","background-position":"center center","background-size":"auto","background-attachment":"scroll","background-type":"","background-media":"","overlay-type":"","overlay-color":"","overlay-opacity":"","overlay-gradient":""},"mobile":{"background-color":"","background-image":"","background-repeat":"repeat","background-position":"center center","background-size":"auto","background-attachment":"scroll","background-type":"","background-media":"","overlay-type":"","overlay-color":"","overlay-opacity":"","overlay-gradient":""}},"ast-content-background-meta":{"desktop":{"background-color":"var(--ast-global-color-5)","background-image":"","background-repeat":"repeat","background-position":"center center","background-size":"auto","background-attachment":"scroll","background-type":"","background-media":"","overlay-type":"","overlay-color":"","overlay-opacity":"","overlay-gradient":""},"tablet":{"background-color":"var(--ast-global-color-5)","background-image":"","background-repeat":"repeat","background-position":"center center","background-size":"auto","background-attachment":"scroll","background-type":"","background-media":"","overlay-type":"","overlay-color":"","overlay-opacity":"","overlay-gradient":""},"mobile":{"background-color":"var(--ast-global-color-5)","background-image":"","background-repeat":"repeat","background-position":"center center","background-size":"auto","background-attachment":"scroll","background-type":"","background-media":"","overlay-type":"","overlay-color":"","overlay-opacity":"","overlay-gradient":""}},"footnotes":""},"class_list":["post-1710","page","type-page","status-publish","hentry"],"uagb_featured_image_src":{"full":false,"thumbnail":false,"medium":false,"medium_large":false,"large":false,"1536x1536":false,"2048x2048":false},"uagb_author_info":{"display_name":"Hannu","author_link":"https:\/\/tassahetkessa.net\/?author=1"},"uagb_comment_info":0,"uagb_excerpt":"L\u00e4mpim\u00e4sti tervetuloa rentouttavaan ja kokonaisvaltaiseen hermoratahierontaan.&nbsp; Teen ty\u00f6t\u00e4ni lempeydell\u00e4 ja suurella syd\u00e4mell\u00e4. \u2764\ufe0f Ajan varaamiseksi laita viesti\u00e4 tai soita 050 [&hellip;]","_links":{"self":[{"href":"https:\/\/tassahetkessa.net\/index.php?rest_route=\/wp\/v2\/pages\/1710","targetHints":{"allow":["GET"]}}],"collection":[{"href":"https:\/\/tassahetkessa.net\/index.php?rest_route=\/wp\/v2\/pages"}],"about":[{"href":"https:\/\/tassahetkessa.net\/index.php?rest_route=\/wp\/v2\/types\/page"}],"author":[{"embeddable":true,"href":"https:\/\/tassahetkessa.net\/index.php?rest_route=\/wp\/v2\/users\/1"}],"replies":[{"embeddable":true,"href":"https:\/\/tassahetkessa.net\/index.php?rest_route=%2Fwp%2Fv2%2Fcomments&post=1710"}],"version-history":[{"count":91,"href":"https:\/\/tassahetkessa.net\/index.php?rest_route=\/wp\/v2\/pages\/1710\/revisions"}],"predecessor-version":[{"id":2007,"href":"https:\/\/tassahetkessa.net\/index.php?rest_route=\/wp\/v2\/pages\/1710\/revisions\/2007"}],"up":[{"embeddable":true,"href":"https:\/\/tassahetkessa.net\/index.php?rest_route=\/wp\/v2\/pages\/923"}],"wp:attachment":[{"href":"https:\/\/tassahetkessa.net\/index.php?rest_route=%2Fwp%2Fv2%2Fmedia&parent=1710"}],"curies":[{"name":"wp","href":"https:\/\/api.w.org\/{rel}","templated":true}]}}