{"id":1450,"date":"2025-06-21T20:12:13","date_gmt":"2025-06-21T20:12:13","guid":{"rendered":"https:\/\/tassahetkessa.net\/?page_id=1450"},"modified":"2025-08-22T11:03:24","modified_gmt":"2025-08-22T11:03:24","slug":"etusivu","status":"publish","type":"page","link":"https:\/\/tassahetkessa.net\/","title":{"rendered":"Etusivu"},"content":{"rendered":"\n<div class=\"wp-block-uagb-container uagb-block-d813a79f alignfull uagb-is-root-container\"><div class=\"uagb-container__shape uagb-container__shape-bottom uagb-container__invert\" data-negative=\"false\"><svg xmlns=\"https:\/\/www.w3.org\/2000\/svg\" viewBox=\"0 0 1000 100\" preserveAspectRatio=\"none\"><path class=\"uagb-container__shape-fill\" opacity=\"0.33\" d=\"M473,67.3c-203.9,88.3-263.1-34-320.3,0C66,119.1,0,59.7,0,59.7V0h1000v59.7 c0,0-62.1,26.1-94.9,29.3c-32.8,3.3-62.8-12.3-75.8-22.1C806,49.6,745.3,8.7,694.9,4.7S492.4,59,473,67.3z\"><\/path><path class=\"uagb-container__shape-fill\" opacity=\"0.66\" d=\"M734,67.3c-45.5,0-77.2-23.2-129.1-39.1c-28.6-8.7-150.3-10.1-254,39.1 s-91.7-34.4-149.2,0C115.7,118.3,0,39.8,0,39.8V0h1000v36.5c0,0-28.2-18.5-92.1-18.5C810.2,18.1,775.7,67.3,734,67.3z\"><\/path><path class=\"uagb-container__shape-fill\" d=\"M766.1,28.9c-200-57.5-266,65.5-395.1,19.5C242,1.8,242,5.4,184.8,20.6C128,35.8,132.3,44.9,89.9,52.5C28.6,63.7,0,0,0,0 h1000c0,0-9.9,40.9-83.6,48.1S829.6,47,766.1,28.9z\"><\/path><\/svg><\/div><div class=\"uagb-container-inner-blocks-wrap\">\n<div class=\"wp-block-uagb-info-box uagb-block-84311fa0 uagb-infobox__content-wrap  uagb-infobox-icon-above-title uagb-infobox-image-valign-top\"><div class=\"uagb-ifb-content\"><div class=\"uagb-ifb-title-wrap\"><h6 class=\"uagb-ifb-title-prefix\">TEKEMIST\u00c4 SYD\u00c4MELL\u00c4<\/h6><h1 class=\"uagb-ifb-title\">T\u00e4ss\u00e4 Hetkess\u00e4 ry<\/h1><\/div><p class=\"uagb-ifb-desc\">Yhteytt\u00e4 &amp; aitoja kohtaamisia<\/p><\/div><\/div>\n<\/div><\/div>\n\n\n\n<div class=\"wp-block-uagb-container uagb-layout-flex uagb-block-f7e8e06b alignfull uagb-is-root-container\"><div class=\"uagb-container-inner-blocks-wrap\">\n<div class=\"wp-block-uagb-container uagb-block-828516f7\">\n<div class=\"wp-block-uagb-info-box uagb-block-580c02df uagb-infobox__content-wrap  uagb-infobox-icon-above-title uagb-infobox-image-valign-top\"><div class=\"uagb-ifb-content\"><div class=\"uagb-ifb-title-wrap\"><h2 class=\"uagb-ifb-title-prefix\">T\u00e4ss\u00e4 Hetkess\u00e4 yhdistys<\/h2><\/div><div class=\"uagb-ifb-separator\"><\/div><\/div><\/div>\n\n\n\n<div class=\"wp-block-uagb-advanced-heading uagb-block-1bce4b41\"><p class=\"uagb-desc-text\">T\u00e4ss\u00e4 Hetkess\u00e4 ry on vuonna 2021 perustettu l\u00e4mminsyd\u00e4misten ihmisten yhdistys, jonka tavoitteena on tukea ihmisen kokonaisvaltaista hyvinvointia. Toimimme Oulussa ja haluamme yhdist\u00e4\u00e4 hyvinvoinnista kiinnostuneita ihmisi\u00e4 j\u00e4rjest\u00e4m\u00e4ll\u00e4 tapahtumia, koulutuksia, j\u00e4seniltoja sek\u00e4 retki\u00e4 l\u00e4hiluontoon. Yhdistys on polittisesti ja uskonnollisesti sitoutumaton.<br><\/p><\/div>\n<\/div>\n\n\n\n<div class=\"wp-block-uagb-container uagb-block-06473ea3\">\n<div class=\"wp-block-uagb-image alignleft uagb-block-ed781db9 wp-block-uagb-image--layout-default wp-block-uagb-image--effect-static wp-block-uagb-image--align-left\"><figure class=\"wp-block-uagb-image__figure\"><img decoding=\"async\" srcset=\"https:\/\/tassahetkessa.net\/wp-content\/uploads\/2025\/06\/Halikuva-02-1024x939.jpg ,https:\/\/tassahetkessa.net\/wp-content\/uploads\/2025\/06\/Halikuva-02.jpg 780w, https:\/\/tassahetkessa.net\/wp-content\/uploads\/2025\/06\/Halikuva-02.jpg 360w\" sizes=\"auto, (max-width: 480px) 150px\" src=\"https:\/\/tassahetkessa.net\/wp-content\/uploads\/2025\/06\/Halikuva-02-1024x939.jpg\" alt=\"Yhdess\u00e4\" class=\"uag-image-1378\" width=\"600\" height=\"550\" title=\"Yhdess\u00e4\" loading=\"lazy\" role=\"img\"\/><\/figure><\/div>\n<\/div>\n<\/div><\/div>\n\n\n\n<div class=\"wp-block-uagb-container uag-hide-desktop uag-hide-tab uag-hide-mob uagb-layout-flex uagb-block-f7d7a93b alignfull uagb-is-root-container\"><div class=\"uagb-container__shape uagb-container__shape-bottom uagb-container__invert\" data-negative=\"false\"><svg xmlns=\"https:\/\/www.w3.org\/2000\/svg\" viewBox=\"0 0 1000 100\" preserveAspectRatio=\"none\"><path class=\"uagb-container__shape-fill\" opacity=\"0.33\" d=\"M473,67.3c-203.9,88.3-263.1-34-320.3,0C66,119.1,0,59.7,0,59.7V0h1000v59.7 c0,0-62.1,26.1-94.9,29.3c-32.8,3.3-62.8-12.3-75.8-22.1C806,49.6,745.3,8.7,694.9,4.7S492.4,59,473,67.3z\"><\/path><path class=\"uagb-container__shape-fill\" opacity=\"0.66\" d=\"M734,67.3c-45.5,0-77.2-23.2-129.1-39.1c-28.6-8.7-150.3-10.1-254,39.1 s-91.7-34.4-149.2,0C115.7,118.3,0,39.8,0,39.8V0h1000v36.5c0,0-28.2-18.5-92.1-18.5C810.2,18.1,775.7,67.3,734,67.3z\"><\/path><path class=\"uagb-container__shape-fill\" d=\"M766.1,28.9c-200-57.5-266,65.5-395.1,19.5C242,1.8,242,5.4,184.8,20.6C128,35.8,132.3,44.9,89.9,52.5C28.6,63.7,0,0,0,0 h1000c0,0-9.9,40.9-83.6,48.1S829.6,47,766.1,28.9z\"><\/path><\/svg><\/div><div class=\"uagb-container-inner-blocks-wrap\">\n<div class=\"wp-block-uagb-container uagb-block-312dcc92\">\n<div class=\"wp-block-uagb-info-box uagb-block-f584f0f1 uagb-infobox__content-wrap  uagb-infobox-icon-above-title uagb-infobox-image-valign-top\"><div class=\"uagb-ifb-content\"><div class=\"uagb-ifb-title-wrap\"><h2 class=\"uagb-ifb-title-prefix\">T\u00e4ss\u00e4 Hetkess\u00e4 yhdistys<\/h2><\/div><div class=\"uagb-ifb-separator\"><\/div><p class=\"uagb-ifb-desc\">T\u00e4ss\u00e4 Hetkess\u00e4 ry on vuonna 2021 perustettu l\u00e4mminsyd\u00e4misten ihmisten yhdistys, jonka tavoitteena on tukea ihmisen kokonaisvaltaista hyvinvointia. Toimimme Oulussa ja haluamme yhdist\u00e4\u00e4 hyvinvoinnista kiinnostuneita ihmisi\u00e4 j\u00e4rjest\u00e4m\u00e4ll\u00e4 tapahtumia, koulutuksia, j\u00e4seniltoja sek\u00e4 retki\u00e4 l\u00e4hiluontoon. Yhdistys on polittisesti ja uskonnollisesti sitoutumaton. <br><br>Viihtyis\u00e4 toimitilamme Valon Vintti sijaitsee Oulun Karjasillalla, jossa toimii my\u00f6s j\u00e4senyritt\u00e4ji\u00e4mme hyvinvoinnin, henkisyyden ja kulttuurin aloilta. T\u00e4rke\u00e4n\u00e4 tavoitteenamme on tarjota ohella pienyritt\u00e4jille tiloja ja toimintaedellytyksi\u00e4.<br><br>L\u00f6yd\u00e4t tietoa T\u00e4ss\u00e4 Hetkess\u00e4 ry:n ja Valon Vintin ajankohtaisista tapahtumista <a href=\"https:\/\/www.facebook.com\/profile.php?id=100072027190828\" target=\"_blank\" rel=\"noreferrer noopener\"><strong>Facebook-sivuiltamme<\/strong><\/a> sek\u00e4 whatsapista T\u00e4ss\u00e4 Hetkess\u00e4 -tapahtumat -ryhm\u00e4st\u00e4.<\/p><\/div><\/div>\n\n\n\n<div class=\"wp-block-uagb-advanced-heading uagb-block-c2223bf4\"><\/div>\n<\/div>\n\n\n\n<div class=\"wp-block-uagb-container uagb-block-d87e32f9\">\n<div class=\"wp-block-uagb-image alignleft uagb-block-6b66686a wp-block-uagb-image--layout-default wp-block-uagb-image--effect-static wp-block-uagb-image--align-left\"><figure class=\"wp-block-uagb-image__figure\"><img decoding=\"async\" srcset=\"https:\/\/tassahetkessa.net\/wp-content\/uploads\/2025\/06\/Halikuva-02-1024x939.jpg ,https:\/\/tassahetkessa.net\/wp-content\/uploads\/2025\/06\/Halikuva-02.jpg 780w, https:\/\/tassahetkessa.net\/wp-content\/uploads\/2025\/06\/Halikuva-02.jpg 360w\" sizes=\"auto, (max-width: 480px) 150px\" src=\"https:\/\/tassahetkessa.net\/wp-content\/uploads\/2025\/06\/Halikuva-02-1024x939.jpg\" alt=\"Yhdess\u00e4\" class=\"uag-image-1378\" width=\"600\" height=\"550\" title=\"Yhdess\u00e4\" loading=\"lazy\" role=\"img\"\/><\/figure><\/div>\n<\/div>\n<\/div><\/div>\n\n\n\n<div class=\"wp-block-uagb-container uagb-layout-flex uagb-block-64273606 alignfull uagb-is-root-container\"><div class=\"uagb-container__shape uagb-container__shape-bottom uagb-container__invert\" data-negative=\"false\"><svg xmlns=\"https:\/\/www.w3.org\/2000\/svg\" viewBox=\"0 0 1000 100\" preserveAspectRatio=\"none\"><path class=\"uagb-container__shape-fill\" opacity=\"0.33\" d=\"M473,67.3c-203.9,88.3-263.1-34-320.3,0C66,119.1,0,59.7,0,59.7V0h1000v59.7 c0,0-62.1,26.1-94.9,29.3c-32.8,3.3-62.8-12.3-75.8-22.1C806,49.6,745.3,8.7,694.9,4.7S492.4,59,473,67.3z\"><\/path><path class=\"uagb-container__shape-fill\" opacity=\"0.66\" d=\"M734,67.3c-45.5,0-77.2-23.2-129.1-39.1c-28.6-8.7-150.3-10.1-254,39.1 s-91.7-34.4-149.2,0C115.7,118.3,0,39.8,0,39.8V0h1000v36.5c0,0-28.2-18.5-92.1-18.5C810.2,18.1,775.7,67.3,734,67.3z\"><\/path><path class=\"uagb-container__shape-fill\" d=\"M766.1,28.9c-200-57.5-266,65.5-395.1,19.5C242,1.8,242,5.4,184.8,20.6C128,35.8,132.3,44.9,89.9,52.5C28.6,63.7,0,0,0,0 h1000c0,0-9.9,40.9-83.6,48.1S829.6,47,766.1,28.9z\"><\/path><\/svg><\/div><div class=\"uagb-container-inner-blocks-wrap\">\n<div class=\"wp-block-uagb-container uagb-block-a23c04fb\">\n<div class=\"wp-block-uagb-info-box uagb-block-4a832597 uagb-infobox__content-wrap  uagb-infobox-icon-above-title uagb-infobox-image-valign-top\"><div class=\"uagb-ifb-content\"><div class=\"uagb-ifb-title-wrap\"><h2 class=\"uagb-ifb-title-prefix\">Toimimme Oulun Karjasillalla<\/h2><\/div><div class=\"uagb-ifb-separator\"><\/div><p class=\"uagb-ifb-desc\">Viihtyis\u00e4 toimitilamme Valon Vintti sijaitsee Oulun Karjasillalla, jossa toimii my\u00f6s j\u00e4senyritt\u00e4ji\u00e4mme hyvinvoinnin, henkisyyden ja kulttuurin aloilta. T\u00e4rke\u00e4n\u00e4 tavoitteenamme on tarjota ohella pienyritt\u00e4jille tiloja ja toimintaedellytyksi\u00e4.<br><br>L\u00f6yd\u00e4t tietoa T\u00e4ss\u00e4 Hetkess\u00e4 ry:n ja Valon Vintin ajankohtaisista tapahtumista <a href=\"https:\/\/www.facebook.com\/profile.php?id=100072027190828\" target=\"_blank\" rel=\"noreferrer noopener\"><strong>Facebook-sivuiltamme<\/strong><\/a> sek\u00e4 whatsapista T\u00e4ss\u00e4 Hetkess\u00e4 -tapahtumat -ryhm\u00e4st\u00e4.<\/p><\/div><\/div>\n\n\n\n<div class=\"wp-block-uagb-advanced-heading uagb-block-4ff42542\"><\/div>\n<\/div>\n\n\n\n<div class=\"wp-block-uagb-container uagb-block-ced5dbfc\">\n<div class=\"wp-block-uagb-image alignleft uagb-block-01e63fc5 wp-block-uagb-image--layout-default wp-block-uagb-image--effect-static wp-block-uagb-image--align-left\"><figure class=\"wp-block-uagb-image__figure\"><img decoding=\"async\" srcset=\"https:\/\/tassahetkessa.net\/wp-content\/uploads\/2025\/06\/Vinttitausta-03-1024x597.jpg ,https:\/\/tassahetkessa.net\/wp-content\/uploads\/2025\/06\/Vinttitausta-03-scaled.jpg 780w, https:\/\/tassahetkessa.net\/wp-content\/uploads\/2025\/06\/Vinttitausta-03-scaled.jpg 360w\" sizes=\"auto, (max-width: 480px) 150px\" src=\"https:\/\/tassahetkessa.net\/wp-content\/uploads\/2025\/06\/Vinttitausta-03-1024x597.jpg\" alt=\"\" class=\"uag-image-1161\" width=\"600\" height=\"550\" title=\"Vinttitausta-03\" loading=\"lazy\" role=\"img\"\/><\/figure><\/div>\n<\/div>\n<\/div><\/div>\n","protected":false},"excerpt":{"rendered":"<p>T\u00e4ss\u00e4 Hetkess\u00e4 ry on vuonna 2021 perustettu l\u00e4mminsyd\u00e4misten ihmisten yhdistys, jonka tavoitteena on tukea ihmisen kokonaisvaltaista hyvinvointia. Toimimme Oulussa ja [&hellip;]<\/p>\n","protected":false},"author":1,"featured_media":0,"parent":0,"menu_order":0,"comment_status":"closed","ping_status":"closed","template":"","meta":{"_uag_custom_page_level_css":"","site-sidebar-layout":"default","site-content-layout":"","ast-site-content-layout":"","site-content-style":"default","site-sidebar-style":"default","ast-global-header-display":"","ast-banner-title-visibility":"","ast-main-header-display":"","ast-hfb-above-header-display":"","ast-hfb-below-header-display":"","ast-hfb-mobile-header-display":"","site-post-title":"","ast-breadcrumbs-content":"","ast-featured-img":"","footer-sml-layout":"","theme-transparent-header-meta":"","adv-header-id-meta":"","stick-header-meta":"","header-above-stick-meta":"","header-main-stick-meta":"","header-below-stick-meta":"","astra-migrate-meta-layouts":"default","ast-page-background-enabled":"default","ast-page-background-meta":{"desktop":{"background-color":"var(--ast-global-color-4)","background-image":"","background-repeat":"repeat","background-position":"center center","background-size":"auto","background-attachment":"scroll","background-type":"","background-media":"","overlay-type":"","overlay-color":"","overlay-opacity":"","overlay-gradient":""},"tablet":{"background-color":"","background-image":"","background-repeat":"repeat","background-position":"center center","background-size":"auto","background-attachment":"scroll","background-type":"","background-media":"","overlay-type":"","overlay-color":"","overlay-opacity":"","overlay-gradient":""},"mobile":{"background-color":"","background-image":"","background-repeat":"repeat","background-position":"center center","background-size":"auto","background-attachment":"scroll","background-type":"","background-media":"","overlay-type":"","overlay-color":"","overlay-opacity":"","overlay-gradient":""}},"ast-content-background-meta":{"desktop":{"background-color":"var(--ast-global-color-5)","background-image":"","background-repeat":"repeat","background-position":"center center","background-size":"auto","background-attachment":"scroll","background-type":"","background-media":"","overlay-type":"","overlay-color":"","overlay-opacity":"","overlay-gradient":""},"tablet":{"background-color":"var(--ast-global-color-5)","background-image":"","background-repeat":"repeat","background-position":"center center","background-size":"auto","background-attachment":"scroll","background-type":"","background-media":"","overlay-type":"","overlay-color":"","overlay-opacity":"","overlay-gradient":""},"mobile":{"background-color":"var(--ast-global-color-5)","background-image":"","background-repeat":"repeat","background-position":"center center","background-size":"auto","background-attachment":"scroll","background-type":"","background-media":"","overlay-type":"","overlay-color":"","overlay-opacity":"","overlay-gradient":""}},"footnotes":""},"class_list":["post-1450","page","type-page","status-publish","hentry"],"uagb_featured_image_src":{"full":false,"thumbnail":false,"medium":false,"medium_large":false,"large":false,"1536x1536":false,"2048x2048":false},"uagb_author_info":{"display_name":"Hannu","author_link":"https:\/\/tassahetkessa.net\/?author=1"},"uagb_comment_info":0,"uagb_excerpt":"T\u00e4ss\u00e4 Hetkess\u00e4 ry on vuonna 2021 perustettu l\u00e4mminsyd\u00e4misten ihmisten yhdistys, jonka tavoitteena on tukea ihmisen kokonaisvaltaista hyvinvointia. Toimimme Oulussa ja [&hellip;]","_links":{"self":[{"href":"https:\/\/tassahetkessa.net\/index.php?rest_route=\/wp\/v2\/pages\/1450","targetHints":{"allow":["GET"]}}],"collection":[{"href":"https:\/\/tassahetkessa.net\/index.php?rest_route=\/wp\/v2\/pages"}],"about":[{"href":"https:\/\/tassahetkessa.net\/index.php?rest_route=\/wp\/v2\/types\/page"}],"author":[{"embeddable":true,"href":"https:\/\/tassahetkessa.net\/index.php?rest_route=\/wp\/v2\/users\/1"}],"replies":[{"embeddable":true,"href":"https:\/\/tassahetkessa.net\/index.php?rest_route=%2Fwp%2Fv2%2Fcomments&post=1450"}],"version-history":[{"count":83,"href":"https:\/\/tassahetkessa.net\/index.php?rest_route=\/wp\/v2\/pages\/1450\/revisions"}],"predecessor-version":[{"id":1966,"href":"https:\/\/tassahetkessa.net\/index.php?rest_route=\/wp\/v2\/pages\/1450\/revisions\/1966"}],"wp:attachment":[{"href":"https:\/\/tassahetkessa.net\/index.php?rest_route=%2Fwp%2Fv2%2Fmedia&parent=1450"}],"curies":[{"name":"wp","href":"https:\/\/api.w.org\/{rel}","templated":true}]}}