{"id":1175,"date":"2025-06-19T20:30:26","date_gmt":"2025-06-19T20:30:26","guid":{"rendered":"https:\/\/tassahetkessa.net\/?page_id=1175"},"modified":"2025-08-21T21:53:24","modified_gmt":"2025-08-21T21:53:24","slug":"jasensivu","status":"publish","type":"page","link":"https:\/\/tassahetkessa.net\/?page_id=1175","title":{"rendered":"J\u00e4sensivu"},"content":{"rendered":"\n<div class=\"wp-block-uagb-container uagb-block-d813a79f alignfull uagb-is-root-container\"><div class=\"uagb-container__shape uagb-container__shape-bottom uagb-container__invert\" data-negative=\"false\"><svg xmlns=\"https:\/\/www.w3.org\/2000\/svg\" viewBox=\"0 0 1000 100\" preserveAspectRatio=\"none\"><path class=\"uagb-container__shape-fill\" opacity=\"0.33\" d=\"M473,67.3c-203.9,88.3-263.1-34-320.3,0C66,119.1,0,59.7,0,59.7V0h1000v59.7 c0,0-62.1,26.1-94.9,29.3c-32.8,3.3-62.8-12.3-75.8-22.1C806,49.6,745.3,8.7,694.9,4.7S492.4,59,473,67.3z\"><\/path><path class=\"uagb-container__shape-fill\" opacity=\"0.66\" d=\"M734,67.3c-45.5,0-77.2-23.2-129.1-39.1c-28.6-8.7-150.3-10.1-254,39.1 s-91.7-34.4-149.2,0C115.7,118.3,0,39.8,0,39.8V0h1000v36.5c0,0-28.2-18.5-92.1-18.5C810.2,18.1,775.7,67.3,734,67.3z\"><\/path><path class=\"uagb-container__shape-fill\" d=\"M766.1,28.9c-200-57.5-266,65.5-395.1,19.5C242,1.8,242,5.4,184.8,20.6C128,35.8,132.3,44.9,89.9,52.5C28.6,63.7,0,0,0,0 h1000c0,0-9.9,40.9-83.6,48.1S829.6,47,766.1,28.9z\"><\/path><\/svg><\/div><div class=\"uagb-container-inner-blocks-wrap\">\n<div class=\"wp-block-uagb-info-box uagb-block-84311fa0 uagb-infobox__content-wrap  uagb-infobox-icon-above-title uagb-infobox-image-valign-top\"><div class=\"uagb-ifb-content\"><div class=\"uagb-ifb-title-wrap\"><h6 class=\"uagb-ifb-title-prefix\">T\u00e4ss\u00e4 Hetkess\u00e4 Ry<\/h6><h1 class=\"uagb-ifb-title\">J\u00e4sensivu<\/h1><\/div><p class=\"uagb-ifb-desc\">Olet l\u00e4mpim\u00e4sti tervetullut nauttimaan arkisista ja juhlavista hetkist\u00e4 yhdess\u00e4 kanssamme!<\/p><\/div><\/div>\n\n\n\n<div class=\"wp-block-uagb-buttons uagb-buttons__outer-wrap uagb-btn__default-btn uagb-btn-tablet__default-btn uagb-btn-mobile__default-btn uagb-block-1cf9b289\"><div class=\"uagb-buttons__wrap uagb-buttons-layout-wrap \">\n<div class=\"wp-block-uagb-buttons-child uagb-buttons__outer-wrap uagb-block-df1f26ec wp-block-button\"><div class=\"uagb-button__wrapper\"><a class=\"uagb-buttons-repeater wp-block-button__link\" aria-label=\"\" href=\"https:\/\/tassahetkessa.net\/?page_id=925\" rel=\"follow noopener\" target=\"_self\" role=\"button\"><div class=\"uagb-button__link\">Liity j\u00e4seneksi<\/div><\/a><\/div><\/div>\n<\/div><\/div>\n<\/div><\/div>\n\n\n\n<div class=\"wp-block-uagb-container uagb-block-f7e8e06b alignfull uagb-is-root-container\"><div class=\"uagb-container__shape uagb-container__shape-bottom uagb-container__invert\" data-negative=\"false\"><svg xmlns=\"https:\/\/www.w3.org\/2000\/svg\" viewBox=\"0 0 283.5 27.8\" preserveAspectRatio=\"none\"><path class=\"uagb-container__shape-fill\" d=\"M283.5,9.7c0,0-7.3,4.3-14,4.6c-6.8,0.3-12.6,0-20.9-1.5c-11.3-2-33.1-10.1-44.7-5.7\ts-12.1,4.6-18,7.4c-6.6,3.2-20,9.6-36.6,9.3C131.6,23.5,99.5,7.2,86.3,8c-1.4,0.1-6.6,0.8-10.5,2c-3.8,1.2-9.4,3.8-17,4.7\tc-3.2,0.4-8.3,1.1-14.2,0.9c-1.5-0.1-6.3-0.4-12-1.6c-5.7-1.2-11-3.1-15.8-3.7C6.5,9.2,0,10.8,0,10.8V0h283.5V9.7z M260.8,11.3\tc-0.7-1-2-0.4-4.3-0.4c-2.3,0-6.1-1.2-5.8-1.1c0.3,0.1,3.1,1.5,6,1.9C259.7,12.2,261.4,12.3,260.8,11.3z M242.4,8.6\tc0,0-2.4-0.2-5.6-0.9c-3.2-0.8-10.3-2.8-15.1-3.5c-8.2-1.1-15.8,0-15.1,0.1c0.8,0.1,9.6-0.6,17.6,1.1c3.3,0.7,9.3,2.2,12.4,2.7\tC239.9,8.7,242.4,8.6,242.4,8.6z M185.2,8.5c1.7-0.7-13.3,4.7-18.5,6.1c-2.1,0.6-6.2,1.6-10,2c-3.9,0.4-8.9,0.4-8.8,0.5\tc0,0.2,5.8,0.8,11.2,0c5.4-0.8,5.2-1.1,7.6-1.6C170.5,14.7,183.5,9.2,185.2,8.5z M199.1,6.9c0.2,0-0.8-0.4-4.8,1.1\tc-4,1.5-6.7,3.5-6.9,3.7c-0.2,0.1,3.5-1.8,6.6-3C197,7.5,199,6.9,199.1,6.9z M283,6c-0.1,0.1-1.9,1.1-4.8,2.5s-6.9,2.8-6.7,2.7\tc0.2,0,3.5-0.6,7.4-2.5C282.8,6.8,283.1,5.9,283,6z M31.3,11.6c0.1-0.2-1.9-0.2-4.5-1.2s-5.4-1.6-7.8-2C15,7.6,7.3,8.5,7.7,8.6\tC8,8.7,15.9,8.3,20.2,9.3c2.2,0.5,2.4,0.5,5.7,1.6S31.2,11.9,31.3,11.6z M73,9.2c0.4-0.1,3.5-1.6,8.4-2.6c4.9-1.1,8.9-0.5,8.9-0.8\tc0-0.3-1-0.9-6.2-0.3S72.6,9.3,73,9.2z M71.6,6.7C71.8,6.8,75,5.4,77.3,5c2.3-0.3,1.9-0.5,1.9-0.6c0-0.1-1.1-0.2-2.7,0.2\tC74.8,5.1,71.4,6.6,71.6,6.7z M93.6,4.4c0.1,0.2,3.5,0.8,5.6,1.8c2.1,1,1.8,0.6,1.9,0.5c0.1-0.1-0.8-0.8-2.4-1.3\tC97.1,4.8,93.5,4.2,93.6,4.4z M65.4,11.1c-0.1,0.3,0.3,0.5,1.9-0.2s2.6-1.3,2.2-1.2s-0.9,0.4-2.5,0.8C65.3,10.9,65.5,10.8,65.4,11.1\tz M34.5,12.4c-0.2,0,2.1,0.8,3.3,0.9c1.2,0.1,2,0.1,2-0.2c0-0.3-0.1-0.5-1.6-0.4C36.6,12.8,34.7,12.4,34.5,12.4z M152.2,21.1\tc-0.1,0.1-2.4-0.3-7.5-0.3c-5,0-13.6-2.4-17.2-3.5c-3.6-1.1,10,3.9,16.5,4.1C150.5,21.6,152.3,21,152.2,21.1z\"><\/path><path class=\"uagb-container__shape-fill\" d=\"M269.6,18c-0.1-0.1-4.6,0.3-7.2,0c-7.3-0.7-17-3.2-16.6-2.9c0.4,0.3,13.7,3.1,17,3.3\tC267.7,18.8,269.7,18,269.6,18z\"><\/path><path class=\"uagb-container__shape-fill\" d=\"M227.4,9.8c-0.2-0.1-4.5-1-9.5-1.2c-5-0.2-12.7,0.6-12.3,0.5c0.3-0.1,5.9-1.8,13.3-1.2\tS227.6,9.9,227.4,9.8z\"><\/path><path class=\"uagb-container__shape-fill\" d=\"M204.5,13.4c-0.1-0.1,2-1,3.2-1.1c1.2-0.1,2,0,2,0.3c0,0.3-0.1,0.5-1.6,0.4\tC206.4,12.9,204.6,13.5,204.5,13.4z\"><\/path><path class=\"uagb-container__shape-fill\" d=\"M201,10.6c0-0.1-4.4,1.2-6.3,2.2c-1.9,0.9-6.2,3.1-6.1,3.1c0.1,0.1,4.2-1.6,6.3-2.6\tS201,10.7,201,10.6z\"><\/path><path class=\"uagb-container__shape-fill\" d=\"M154.5,26.7c-0.1-0.1-4.6,0.3-7.2,0c-7.3-0.7-17-3.2-16.6-2.9c0.4,0.3,13.7,3.1,17,3.3\tC152.6,27.5,154.6,26.8,154.5,26.7z\"><\/path><path class=\"uagb-container__shape-fill\" d=\"M41.9,19.3c0,0,1.2-0.3,2.9-0.1c1.7,0.2,5.8,0.9,8.2,0.7c4.2-0.4,7.4-2.7,7-2.6\tc-0.4,0-4.3,2.2-8.6,1.9c-1.8-0.1-5.1-0.5-6.7-0.4S41.9,19.3,41.9,19.3z\"><\/path><path class=\"uagb-container__shape-fill\" d=\"M75.5,12.6c0.2,0.1,2-0.8,4.3-1.1c2.3-0.2,2.1-0.3,2.1-0.5c0-0.1-1.8-0.4-3.4,0\tC76.9,11.5,75.3,12.5,75.5,12.6z\"><\/path><path class=\"uagb-container__shape-fill\" d=\"M15.6,13.2c0-0.1,4.3,0,6.7,0.5c2.4,0.5,5,1.9,5,2c0,0.1-2.7-0.8-5.1-1.4\tC19.9,13.7,15.7,13.3,15.6,13.2z\"><\/path><\/svg><\/div><div class=\"uagb-container-inner-blocks-wrap\">\n<div class=\"wp-block-uagb-container uagb-block-b4b938af\">\n<div class=\"wp-block-uagb-info-box uagb-block-f6c1693a uagb-infobox__content-wrap  uagb-infobox-icon-above-title uagb-infobox-image-valign-top\"><div class=\"uagb-ifb-content\"><div class=\"uagb-ifb-title-wrap\"><h2 class=\"uagb-ifb-title-prefix\">J\u00e4senillat ja Vintin  avoimet ovet<\/h2><\/div><div class=\"uagb-ifb-separator\"><\/div><\/div><\/div>\n\n\n\n<div class=\"wp-block-uagb-advanced-heading uagb-block-f66a6c27\"><\/div>\n\n\n\n<p>Ilmaiset j\u00e4senillat ja avoimet ovet Valon Vintill\u00e4 ovat n\u00e4kyv\u00e4 osa toimintaamme. J\u00e4seniltoja j\u00e4rjest\u00e4mme kerran tai kahdesti kuukaudessa vaihtuvina arki-iltoina. Vet\u00e4jin\u00e4 vierailee hyvinvoinnin ja kulttuurin ammattilaisia, jotka johdattavat tutkimusmatkalle itseen sek\u00e4 tiedollisesti ett\u00e4 k\u00e4yt\u00e4nn\u00f6n harjoittein. Ohjelmassa on ollut esimerkiksi kirja-esittelyj\u00e4, tunnekehon tulkkausta ja kehollisiin stressinpurkumenetelmiin tutustumista.<br><br>Avointen ovien p\u00e4iv\u00e4 j\u00e4rjestet\u00e4\u00e4n kahdesti vuodessa. Silloin voit tutustua Vintin yritt\u00e4jiin ja osallistua ilmaisiin n\u00e4ytetuokioihin.<\/p>\n<\/div>\n\n\n\n<div class=\"wp-block-uagb-container uagb-block-a5d4aaa7\">\n<div class=\"wp-block-uagb-image uagb-block-e56a49a4 wp-block-uagb-image--layout-default wp-block-uagb-image--effect-static wp-block-uagb-image--align-none\"><figure class=\"wp-block-uagb-image__figure\"><img decoding=\"async\" srcset=\"https:\/\/tassahetkessa.net\/wp-content\/uploads\/2025\/06\/Sirpa-tuo-viestia2-Kati-1024x576.jpeg ,https:\/\/tassahetkessa.net\/wp-content\/uploads\/2025\/06\/Sirpa-tuo-viestia2-Kati.jpeg 780w, https:\/\/tassahetkessa.net\/wp-content\/uploads\/2025\/06\/Sirpa-tuo-viestia2-Kati.jpeg 360w\" sizes=\"auto, (max-width: 480px) 150px\" src=\"https:\/\/tassahetkessa.net\/wp-content\/uploads\/2025\/06\/Sirpa-tuo-viestia2-Kati-1024x576.jpeg\" alt=\"Sirpa tuo viestia\u0308\" class=\"uag-image-1022\" width=\"600\" height=\"550\" title=\"Sirpa tuo viestia\u0308\" loading=\"lazy\" role=\"img\"\/><\/figure><\/div>\n<\/div>\n<\/div><\/div>\n\n\n\n<div class=\"wp-block-uagb-container uagb-block-a38d023c alignfull uagb-is-root-container\"><div class=\"uagb-container-inner-blocks-wrap\">\n<div class=\"wp-block-uagb-container uagb-block-d0b260e4\">\n<div class=\"wp-block-uagb-image uagb-block-df8a0ff4 wp-block-uagb-image--layout-default wp-block-uagb-image--effect-static wp-block-uagb-image--align-none\"><figure class=\"wp-block-uagb-image__figure\"><img decoding=\"async\" srcset=\"https:\/\/tassahetkessa.net\/wp-content\/uploads\/2025\/06\/20230825_193630-1024x577.jpg ,https:\/\/tassahetkessa.net\/wp-content\/uploads\/2025\/06\/20230825_193630-scaled.jpg 780w, https:\/\/tassahetkessa.net\/wp-content\/uploads\/2025\/06\/20230825_193630-scaled.jpg 360w\" sizes=\"auto, (max-width: 480px) 150px\" src=\"https:\/\/tassahetkessa.net\/wp-content\/uploads\/2025\/06\/20230825_193630-1024x577.jpg\" alt=\"Rumpumeditaatio\" class=\"uag-image-1207\" width=\"600\" height=\"550\" title=\"Rumpumeditaatio\" loading=\"lazy\" role=\"img\"\/><\/figure><\/div>\n<\/div>\n\n\n\n<div class=\"wp-block-uagb-container uagb-block-6e1a6013\">\n<div class=\"wp-block-uagb-info-box uagb-block-ff0cea11 uagb-infobox__content-wrap  uagb-infobox-icon-above-title uagb-infobox-image-valign-top\"><div class=\"uagb-ifb-content\"><div class=\"uagb-ifb-title-wrap\"><h2 class=\"uagb-ifb-title-prefix\">Muut tapahtumat ja kokoontumiset <\/h2><\/div><div class=\"uagb-ifb-separator\"><\/div><\/div><\/div>\n\n\n\n<p>Yhdistykselle on muodostunut perinteeksi kokoontua l\u00e4hiseudun luontokohteisiin tietyll\u00e4 teemalla. Vaalimme luontoyhteytt\u00e4 voimavarana, joka el\u00e4v\u00f6itt\u00e4\u00e4 ihmist\u00e4 kaikin tavoin. Luonnossa oleminen on hoitaa ihmist\u00e4 ja mukavassa porukassa se vahvistaa my\u00f6s ihmisten yhteis\u00f6llisyytt\u00e4.<br><br>Juhlistamme vuosittain mm. talvip\u00e4iv\u00e4n seisausta, kev\u00e4tp\u00e4iv\u00e4n tasausta sek\u00e4 kes\u00e4- ja syyskauden avausta. Ohjelmaan on kuulunut esimerkiksi saunomista, musiikkia, koskenlaskua, yhteisrummutusta, luontojoogaa ja meditaatiota j\u00e4ttikuusen alla.<br>&nbsp;<br>Ajantasainen tieto T\u00e4ss\u00e4 Hetkess\u00e4 ry:n toiminnasta ja Valon Vintin tapahtumista l\u00f6ytyy <a href=\"https:\/\/www.facebook.com\/profile.php?id=100072027190828\" target=\"_blank\" rel=\"noreferrer noopener\"><strong>Facebook-sivuiltamme<\/strong><\/a> sek\u00e4 whatsapp-ryhm\u00e4st\u00e4 T\u00e4ss\u00e4 Hetkess\u00e4 -tapahtumat. Lis\u00e4ksi l\u00e4het\u00e4mme j\u00e4senillemme tiedotusviestej\u00e4 s\u00e4hk\u00f6postitse s\u00e4\u00e4nn\u00f6llisin v\u00e4liajoin.<br><\/p>\n<\/div>\n<\/div><\/div>\n\n\n\n<div class=\"wp-block-uagb-container uagb-block-42522d10 alignfull uagb-is-root-container\"><div class=\"uagb-container__shape uagb-container__shape-top\"><svg xmlns=\"https:\/\/www.w3.org\/2000\/svg\" viewBox=\"0 0 1000 100\" preserveAspectRatio=\"none\"><path class=\"uagb-container__shape-fill\" opacity=\"0.33\" d=\"M473,67.3c-203.9,88.3-263.1-34-320.3,0C66,119.1,0,59.7,0,59.7V0h1000v59.7 c0,0-62.1,26.1-94.9,29.3c-32.8,3.3-62.8-12.3-75.8-22.1C806,49.6,745.3,8.7,694.9,4.7S492.4,59,473,67.3z\"><\/path><path class=\"uagb-container__shape-fill\" opacity=\"0.66\" d=\"M734,67.3c-45.5,0-77.2-23.2-129.1-39.1c-28.6-8.7-150.3-10.1-254,39.1 s-91.7-34.4-149.2,0C115.7,118.3,0,39.8,0,39.8V0h1000v36.5c0,0-28.2-18.5-92.1-18.5C810.2,18.1,775.7,67.3,734,67.3z\"><\/path><path class=\"uagb-container__shape-fill\" d=\"M766.1,28.9c-200-57.5-266,65.5-395.1,19.5C242,1.8,242,5.4,184.8,20.6C128,35.8,132.3,44.9,89.9,52.5C28.6,63.7,0,0,0,0 h1000c0,0-9.9,40.9-83.6,48.1S829.6,47,766.1,28.9z\"><\/path><\/svg><\/div><div class=\"uagb-container__shape uagb-container__shape-bottom uagb-container__invert\" data-negative=\"false\"><svg xmlns=\"https:\/\/www.w3.org\/2000\/svg\" viewBox=\"0 0 283.5 27.8\" preserveAspectRatio=\"none\"><path class=\"uagb-container__shape-fill\" d=\"M283.5,9.7c0,0-7.3,4.3-14,4.6c-6.8,0.3-12.6,0-20.9-1.5c-11.3-2-33.1-10.1-44.7-5.7\ts-12.1,4.6-18,7.4c-6.6,3.2-20,9.6-36.6,9.3C131.6,23.5,99.5,7.2,86.3,8c-1.4,0.1-6.6,0.8-10.5,2c-3.8,1.2-9.4,3.8-17,4.7\tc-3.2,0.4-8.3,1.1-14.2,0.9c-1.5-0.1-6.3-0.4-12-1.6c-5.7-1.2-11-3.1-15.8-3.7C6.5,9.2,0,10.8,0,10.8V0h283.5V9.7z M260.8,11.3\tc-0.7-1-2-0.4-4.3-0.4c-2.3,0-6.1-1.2-5.8-1.1c0.3,0.1,3.1,1.5,6,1.9C259.7,12.2,261.4,12.3,260.8,11.3z M242.4,8.6\tc0,0-2.4-0.2-5.6-0.9c-3.2-0.8-10.3-2.8-15.1-3.5c-8.2-1.1-15.8,0-15.1,0.1c0.8,0.1,9.6-0.6,17.6,1.1c3.3,0.7,9.3,2.2,12.4,2.7\tC239.9,8.7,242.4,8.6,242.4,8.6z M185.2,8.5c1.7-0.7-13.3,4.7-18.5,6.1c-2.1,0.6-6.2,1.6-10,2c-3.9,0.4-8.9,0.4-8.8,0.5\tc0,0.2,5.8,0.8,11.2,0c5.4-0.8,5.2-1.1,7.6-1.6C170.5,14.7,183.5,9.2,185.2,8.5z M199.1,6.9c0.2,0-0.8-0.4-4.8,1.1\tc-4,1.5-6.7,3.5-6.9,3.7c-0.2,0.1,3.5-1.8,6.6-3C197,7.5,199,6.9,199.1,6.9z M283,6c-0.1,0.1-1.9,1.1-4.8,2.5s-6.9,2.8-6.7,2.7\tc0.2,0,3.5-0.6,7.4-2.5C282.8,6.8,283.1,5.9,283,6z M31.3,11.6c0.1-0.2-1.9-0.2-4.5-1.2s-5.4-1.6-7.8-2C15,7.6,7.3,8.5,7.7,8.6\tC8,8.7,15.9,8.3,20.2,9.3c2.2,0.5,2.4,0.5,5.7,1.6S31.2,11.9,31.3,11.6z M73,9.2c0.4-0.1,3.5-1.6,8.4-2.6c4.9-1.1,8.9-0.5,8.9-0.8\tc0-0.3-1-0.9-6.2-0.3S72.6,9.3,73,9.2z M71.6,6.7C71.8,6.8,75,5.4,77.3,5c2.3-0.3,1.9-0.5,1.9-0.6c0-0.1-1.1-0.2-2.7,0.2\tC74.8,5.1,71.4,6.6,71.6,6.7z M93.6,4.4c0.1,0.2,3.5,0.8,5.6,1.8c2.1,1,1.8,0.6,1.9,0.5c0.1-0.1-0.8-0.8-2.4-1.3\tC97.1,4.8,93.5,4.2,93.6,4.4z M65.4,11.1c-0.1,0.3,0.3,0.5,1.9-0.2s2.6-1.3,2.2-1.2s-0.9,0.4-2.5,0.8C65.3,10.9,65.5,10.8,65.4,11.1\tz M34.5,12.4c-0.2,0,2.1,0.8,3.3,0.9c1.2,0.1,2,0.1,2-0.2c0-0.3-0.1-0.5-1.6-0.4C36.6,12.8,34.7,12.4,34.5,12.4z M152.2,21.1\tc-0.1,0.1-2.4-0.3-7.5-0.3c-5,0-13.6-2.4-17.2-3.5c-3.6-1.1,10,3.9,16.5,4.1C150.5,21.6,152.3,21,152.2,21.1z\"><\/path><path class=\"uagb-container__shape-fill\" d=\"M269.6,18c-0.1-0.1-4.6,0.3-7.2,0c-7.3-0.7-17-3.2-16.6-2.9c0.4,0.3,13.7,3.1,17,3.3\tC267.7,18.8,269.7,18,269.6,18z\"><\/path><path class=\"uagb-container__shape-fill\" d=\"M227.4,9.8c-0.2-0.1-4.5-1-9.5-1.2c-5-0.2-12.7,0.6-12.3,0.5c0.3-0.1,5.9-1.8,13.3-1.2\tS227.6,9.9,227.4,9.8z\"><\/path><path class=\"uagb-container__shape-fill\" d=\"M204.5,13.4c-0.1-0.1,2-1,3.2-1.1c1.2-0.1,2,0,2,0.3c0,0.3-0.1,0.5-1.6,0.4\tC206.4,12.9,204.6,13.5,204.5,13.4z\"><\/path><path class=\"uagb-container__shape-fill\" d=\"M201,10.6c0-0.1-4.4,1.2-6.3,2.2c-1.9,0.9-6.2,3.1-6.1,3.1c0.1,0.1,4.2-1.6,6.3-2.6\tS201,10.7,201,10.6z\"><\/path><path class=\"uagb-container__shape-fill\" d=\"M154.5,26.7c-0.1-0.1-4.6,0.3-7.2,0c-7.3-0.7-17-3.2-16.6-2.9c0.4,0.3,13.7,3.1,17,3.3\tC152.6,27.5,154.6,26.8,154.5,26.7z\"><\/path><path class=\"uagb-container__shape-fill\" d=\"M41.9,19.3c0,0,1.2-0.3,2.9-0.1c1.7,0.2,5.8,0.9,8.2,0.7c4.2-0.4,7.4-2.7,7-2.6\tc-0.4,0-4.3,2.2-8.6,1.9c-1.8-0.1-5.1-0.5-6.7-0.4S41.9,19.3,41.9,19.3z\"><\/path><path class=\"uagb-container__shape-fill\" d=\"M75.5,12.6c0.2,0.1,2-0.8,4.3-1.1c2.3-0.2,2.1-0.3,2.1-0.5c0-0.1-1.8-0.4-3.4,0\tC76.9,11.5,75.3,12.5,75.5,12.6z\"><\/path><path class=\"uagb-container__shape-fill\" d=\"M15.6,13.2c0-0.1,4.3,0,6.7,0.5c2.4,0.5,5,1.9,5,2c0,0.1-2.7-0.8-5.1-1.4\tC19.9,13.7,15.7,13.3,15.6,13.2z\"><\/path><\/svg><\/div><div class=\"uagb-container-inner-blocks-wrap\">\n<div class=\"wp-block-uagb-container uagb-block-828516f7\">\n<div class=\"wp-block-uagb-info-box uagb-block-580c02df uagb-infobox__content-wrap  uagb-infobox-icon-above-title uagb-infobox-image-valign-top\"><div class=\"uagb-ifb-content\"><div class=\"uagb-ifb-title-wrap\"><h2 class=\"uagb-ifb-title-prefix\">J\u00e4seneksi liittyminen<\/h2><\/div><div class=\"uagb-ifb-separator\"><\/div><\/div><\/div>\n\n\n\n<div class=\"wp-block-uagb-advanced-heading uagb-block-1bce4b41\"><p class=\"uagb-desc-text\">T\u00e4ss\u00e4 Hetkess\u00e4 ry:n j\u00e4seneksi voivat liitty\u00e4 sek\u00e4 yritykset ett\u00e4 yksityishenkil\u00f6t. Vuoden 2025 j\u00e4senmaksu on 25 Eur. J\u00e4senen\u00e4 p\u00e4\u00e4set ilmaiseksi j\u00e4seniltoihin ja alennettuun hintaan <a href=\"https:\/\/ilonvalkeat.info\/\" target=\"_blank\" rel=\"noreferrer noopener\"><strong>ILONValkeat -hyvinvointimessuille<\/strong><\/a>. Yritt\u00e4j\u00e4j\u00e4senten tapahtumia ja palveluja voimme markkinoida T\u00e4ss\u00e4 Hetkess\u00e4 ry:n kanavilla, jos niihin tarjotaan 10-15 % j\u00e4senalennus.<\/p><\/div>\n\n\n\n<div class=\"wp-block-uagb-buttons uagb-buttons__outer-wrap uagb-btn__default-btn uagb-btn-tablet__default-btn uagb-btn-mobile__default-btn uagb-block-30eaf9ce\"><div class=\"uagb-buttons__wrap uagb-buttons-layout-wrap \">\n<div class=\"wp-block-uagb-buttons-child uagb-buttons__outer-wrap uagb-block-6c65e6c8 wp-block-button\"><div class=\"uagb-button__wrapper\"><a class=\"uagb-buttons-repeater wp-block-button__link\" aria-label=\"\" href=\"https:\/\/tassahetkessa.net\/?page_id=925\" rel=\"follow noopener\" target=\"_self\" role=\"button\"><div class=\"uagb-button__link\">Liity j\u00e4seneksi<\/div><\/a><\/div><\/div>\n<\/div><\/div>\n<\/div>\n\n\n\n<div class=\"wp-block-uagb-container uagb-block-06473ea3\">\n<div class=\"wp-block-uagb-image uagb-block-ed781db9 wp-block-uagb-image--layout-default wp-block-uagb-image--effect-static wp-block-uagb-image--align-none\"><figure class=\"wp-block-uagb-image__figure\"><img decoding=\"async\" srcset=\"https:\/\/tassahetkessa.net\/wp-content\/uploads\/2025\/06\/Halikuva-02-1024x939.jpg ,https:\/\/tassahetkessa.net\/wp-content\/uploads\/2025\/06\/Halikuva-02.jpg 780w, https:\/\/tassahetkessa.net\/wp-content\/uploads\/2025\/06\/Halikuva-02.jpg 360w\" sizes=\"auto, (max-width: 480px) 150px\" src=\"https:\/\/tassahetkessa.net\/wp-content\/uploads\/2025\/06\/Halikuva-02-1024x939.jpg\" alt=\"Yhdess\u00e4\" class=\"uag-image-1378\" width=\"600\" height=\"550\" title=\"Yhdess\u00e4\" loading=\"lazy\" role=\"img\"\/><\/figure><\/div>\n<\/div>\n<\/div><\/div>\n\n\n\n<div class=\"wp-block-uagb-container uag-hide-desktop uag-hide-tab uag-hide-mob uagb-block-3ef12d1e alignfull uagb-is-root-container\"><div class=\"uagb-container-inner-blocks-wrap\">\n<div class=\"wp-block-uagb-container uagb-block-881d52ed\">\n<div class=\"wp-block-uagb-info-box uagb-block-f319cf99 uagb-infobox__content-wrap  uagb-infobox-icon-above-title uagb-infobox-image-valign-top\"><div class=\"uagb-ifb-content\"><div class=\"uagb-ifb-title-wrap\"><h2 class=\"uagb-ifb-title-prefix\">Muut tapahtumat ja kokoontumiset<\/h2><\/div><div class=\"uagb-ifb-separator\"><\/div><\/div><\/div>\n\n\n\n<p>Yhdistykselle on muodostunut perinteeksi kokoontua l\u00e4hiseudun luontokohteisiin tietyll\u00e4 teemalla. Juhlistamme vuosittain mm. talvip\u00e4iv\u00e4n seisausta, kev\u00e4tp\u00e4iv\u00e4n tasausta, kes\u00e4- ja syyskauden avausta. Ohjelmaan on kuulunut esimerkiksi saunomista, musiikkia, koskenlaskua, yhteisrummutusta, luontojoogaa ja meditaatiota j\u00e4ttikuusen alla.<br>&nbsp;<br>Ajantasainen tieto T\u00e4ss\u00e4 Hetkess\u00e4 ry:n toiminnasta ja Valon Vintin tapahtumista l\u00f6ytyy <a href=\"https:\/\/www.facebook.com\/profile.php?id=100072027190828\" target=\"_blank\" rel=\"noreferrer noopener\"><strong>Facebook-sivuiltamme<\/strong><\/a> sek\u00e4 whatsapp-ryhm\u00e4st\u00e4 T\u00e4ss\u00e4 Hetkess\u00e4 -tapahtumat. J\u00e4senille l\u00e4het\u00e4mme tiedotusviestin s\u00e4hk\u00f6postitse muutaman kerran kuukaudessa.<br>&nbsp;<br>Olet l\u00e4mpim\u00e4sti tervetullut nauttimaan arkisista ja juhlavista hetkist\u00e4 yhdess\u00e4 kanssamme!<\/p>\n<\/div>\n\n\n\n<div class=\"wp-block-uagb-container uagb-block-cd0c7b67\">\n<div class=\"wp-block-uagb-image uagb-block-07721a08 wp-block-uagb-image--layout-default wp-block-uagb-image--effect-static wp-block-uagb-image--align-none\"><figure class=\"wp-block-uagb-image__figure\"><img decoding=\"async\" srcset=\"https:\/\/tassahetkessa.net\/wp-content\/uploads\/2025\/06\/20230825_193630-1024x577.jpg ,https:\/\/tassahetkessa.net\/wp-content\/uploads\/2025\/06\/20230825_193630-scaled.jpg 780w, https:\/\/tassahetkessa.net\/wp-content\/uploads\/2025\/06\/20230825_193630-scaled.jpg 360w\" sizes=\"auto, (max-width: 480px) 150px\" src=\"https:\/\/tassahetkessa.net\/wp-content\/uploads\/2025\/06\/20230825_193630-1024x577.jpg\" alt=\"\" class=\"uag-image-1207\" width=\"600\" height=\"550\" title=\"20230825_193630\" loading=\"lazy\" role=\"img\"\/><\/figure><\/div>\n<\/div>\n<\/div><\/div>\n\n\n\n<div class=\"wp-block-uagb-container uag-hide-desktop uag-hide-tab uag-hide-mob uagb-block-464304ab alignfull uagb-is-root-container\"><div class=\"uagb-container-inner-blocks-wrap\">\n<div class=\"wp-block-uagb-container uagb-block-daf29b4d\">\n<div class=\"wp-block-uagb-image uagb-block-2ac7844b wp-block-uagb-image--layout-default wp-block-uagb-image--effect-static wp-block-uagb-image--align-none\"><figure class=\"wp-block-uagb-image__figure\"><img decoding=\"async\" srcset=\"https:\/\/tassahetkessa.net\/wp-content\/uploads\/2024\/12\/Plan-4-1.jpg ,https:\/\/tassahetkessa.net\/wp-content\/uploads\/2024\/12\/Plan-4-1.jpg 780w, https:\/\/tassahetkessa.net\/wp-content\/uploads\/2024\/12\/Plan-4-1.jpg 360w\" sizes=\"auto, (max-width: 480px) 150px\" src=\"https:\/\/tassahetkessa.net\/wp-content\/uploads\/2024\/12\/Plan-4-1.jpg\" alt=\"\" class=\"uag-image-285\" width=\"600\" height=\"550\" title=\"Plan-4.jpg\" loading=\"lazy\" role=\"img\"\/><\/figure><\/div>\n<\/div>\n\n\n\n<div class=\"wp-block-uagb-container uagb-block-685143d7\">\n<div class=\"wp-block-uagb-info-box uagb-block-45580dce uagb-infobox__content-wrap  uagb-infobox-icon-above-title uagb-infobox-image-valign-top\"><div class=\"uagb-ifb-content\"><div class=\"uagb-ifb-title-wrap\"><h2 class=\"uagb-ifb-title-prefix\">Expand your spiritual knowledge<\/h2><h5 class=\"uagb-ifb-title\">Start from: $1,800<\/h5><\/div><div class=\"uagb-ifb-separator\"><\/div><\/div><\/div>\n\n\n\n<div class=\"wp-block-uagb-advanced-heading uagb-block-0f4da6a0\"><h6 class=\"uagb-heading-text\">Mindfulness techniques<\/h6><p class=\"uagb-desc-text\">Practical methods to enhance your spiritual practice.<\/p><\/div>\n\n\n\n<div class=\"wp-block-uagb-advanced-heading uagb-block-645b2e95\"><h6 class=\"uagb-heading-text\">Lifestyle Integration<\/h6><p class=\"uagb-desc-text\">Practical tips for incorporating healthy habits.<\/p><\/div>\n\n\n\n<div class=\"wp-block-uagb-advanced-heading uagb-block-984c3775\"><h6 class=\"uagb-heading-text\">Inner Peace and Growth<\/h6><p class=\"uagb-desc-text\">Focus on developing a deeper connection with your spiritual self.<\/p><\/div>\n\n\n<div class=\"latepoint-book-button-wrapper wp-block-button\"><a href=\"#\" class=\"latepoint-book-button os_trigger_booking wp-block-button__link latepoint-book-button-fm0224cv6-1746598717841\" >Book An Appointment<\/a><\/div><\/div>\n<\/div><\/div>\n","protected":false},"excerpt":{"rendered":"<p>Ilmaiset j\u00e4senillat ja avoimet ovet Valon Vintill\u00e4 ovat n\u00e4kyv\u00e4 osa toimintaamme. J\u00e4seniltoja j\u00e4rjest\u00e4mme kerran tai kahdesti kuukaudessa vaihtuvina arki-iltoina. Vet\u00e4jin\u00e4 [&hellip;]<\/p>\n","protected":false},"author":1,"featured_media":0,"parent":0,"menu_order":0,"comment_status":"closed","ping_status":"closed","template":"","meta":{"_uag_custom_page_level_css":"","site-sidebar-layout":"default","site-content-layout":"","ast-site-content-layout":"","site-content-style":"default","site-sidebar-style":"default","ast-global-header-display":"","ast-banner-title-visibility":"","ast-main-header-display":"","ast-hfb-above-header-display":"","ast-hfb-below-header-display":"","ast-hfb-mobile-header-display":"","site-post-title":"","ast-breadcrumbs-content":"","ast-featured-img":"","footer-sml-layout":"","theme-transparent-header-meta":"","adv-header-id-meta":"","stick-header-meta":"","header-above-stick-meta":"","header-main-stick-meta":"","header-below-stick-meta":"","astra-migrate-meta-layouts":"default","ast-page-background-enabled":"default","ast-page-background-meta":{"desktop":{"background-color":"var(--ast-global-color-4)","background-image":"","background-repeat":"repeat","background-position":"center center","background-size":"auto","background-attachment":"scroll","background-type":"","background-media":"","overlay-type":"","overlay-color":"","overlay-opacity":"","overlay-gradient":""},"tablet":{"background-color":"","background-image":"","background-repeat":"repeat","background-position":"center center","background-size":"auto","background-attachment":"scroll","background-type":"","background-media":"","overlay-type":"","overlay-color":"","overlay-opacity":"","overlay-gradient":""},"mobile":{"background-color":"","background-image":"","background-repeat":"repeat","background-position":"center center","background-size":"auto","background-attachment":"scroll","background-type":"","background-media":"","overlay-type":"","overlay-color":"","overlay-opacity":"","overlay-gradient":""}},"ast-content-background-meta":{"desktop":{"background-color":"var(--ast-global-color-5)","background-image":"","background-repeat":"repeat","background-position":"center center","background-size":"auto","background-attachment":"scroll","background-type":"","background-media":"","overlay-type":"","overlay-color":"","overlay-opacity":"","overlay-gradient":""},"tablet":{"background-color":"var(--ast-global-color-5)","background-image":"","background-repeat":"repeat","background-position":"center center","background-size":"auto","background-attachment":"scroll","background-type":"","background-media":"","overlay-type":"","overlay-color":"","overlay-opacity":"","overlay-gradient":""},"mobile":{"background-color":"var(--ast-global-color-5)","background-image":"","background-repeat":"repeat","background-position":"center center","background-size":"auto","background-attachment":"scroll","background-type":"","background-media":"","overlay-type":"","overlay-color":"","overlay-opacity":"","overlay-gradient":""}},"footnotes":""},"class_list":["post-1175","page","type-page","status-publish","hentry"],"uagb_featured_image_src":{"full":false,"thumbnail":false,"medium":false,"medium_large":false,"large":false,"1536x1536":false,"2048x2048":false},"uagb_author_info":{"display_name":"Hannu","author_link":"https:\/\/tassahetkessa.net\/?author=1"},"uagb_comment_info":0,"uagb_excerpt":"Ilmaiset j\u00e4senillat ja avoimet ovet Valon Vintill\u00e4 ovat n\u00e4kyv\u00e4 osa toimintaamme. J\u00e4seniltoja j\u00e4rjest\u00e4mme kerran tai kahdesti kuukaudessa vaihtuvina arki-iltoina. Vet\u00e4jin\u00e4 [&hellip;]","_links":{"self":[{"href":"https:\/\/tassahetkessa.net\/index.php?rest_route=\/wp\/v2\/pages\/1175","targetHints":{"allow":["GET"]}}],"collection":[{"href":"https:\/\/tassahetkessa.net\/index.php?rest_route=\/wp\/v2\/pages"}],"about":[{"href":"https:\/\/tassahetkessa.net\/index.php?rest_route=\/wp\/v2\/types\/page"}],"author":[{"embeddable":true,"href":"https:\/\/tassahetkessa.net\/index.php?rest_route=\/wp\/v2\/users\/1"}],"replies":[{"embeddable":true,"href":"https:\/\/tassahetkessa.net\/index.php?rest_route=%2Fwp%2Fv2%2Fcomments&post=1175"}],"version-history":[{"count":90,"href":"https:\/\/tassahetkessa.net\/index.php?rest_route=\/wp\/v2\/pages\/1175\/revisions"}],"predecessor-version":[{"id":1954,"href":"https:\/\/tassahetkessa.net\/index.php?rest_route=\/wp\/v2\/pages\/1175\/revisions\/1954"}],"wp:attachment":[{"href":"https:\/\/tassahetkessa.net\/index.php?rest_route=%2Fwp%2Fv2%2Fmedia&parent=1175"}],"curies":[{"name":"wp","href":"https:\/\/api.w.org\/{rel}","templated":true}]}}